{"id":88,"date":"2021-09-22T12:34:50","date_gmt":"2021-09-22T10:34:50","guid":{"rendered":"http:\/\/sukaldeansortzaile.com\/?page_id=88"},"modified":"2025-11-12T09:51:52","modified_gmt":"2025-11-12T08:51:52","slug":"fases","status":"publish","type":"page","link":"https:\/\/sukaldeansortzaile.com\/es\/fases\/","title":{"rendered":"Fases"},"content":{"rendered":"\t\t<div data-elementor-type=\"wp-page\" data-elementor-id=\"88\" class=\"elementor elementor-88 elementor-1343\" data-elementor-post-type=\"page\">\n\t\t\t\t\t\t<section class=\"elementor-section elementor-top-section elementor-element elementor-element-83ddfab elementor-section-boxed elementor-section-height-default elementor-section-height-default\" data-id=\"83ddfab\" data-element_type=\"section\">\n\t\t\t\t\t\t<div class=\"elementor-container elementor-column-gap-default\">\n\t\t\t\t\t<div class=\"elementor-column elementor-col-100 elementor-top-column elementor-element elementor-element-e1a0e13\" data-id=\"e1a0e13\" data-element_type=\"column\">\n\t\t\t<div class=\"elementor-widget-wrap elementor-element-populated\">\n\t\t\t\t\t\t<div class=\"elementor-element elementor-element-cb807d5 elementor-widget elementor-widget-heading\" data-id=\"cb807d5\" data-element_type=\"widget\" data-widget_type=\"heading.default\">\n\t\t\t\t<div class=\"elementor-widget-container\">\n\t\t\t\t\t<h1 class=\"elementor-heading-title elementor-size-default\">Fases<\/h1>\t\t\t\t<\/div>\n\t\t\t\t<\/div>\n\t\t\t\t\t<\/div>\n\t\t<\/div>\n\t\t\t\t\t<\/div>\n\t\t<\/section>\n\t\t\t\t<section class=\"elementor-section elementor-top-section elementor-element elementor-element-d674332 elementor-section-boxed elementor-section-height-default elementor-section-height-default\" data-id=\"d674332\" data-element_type=\"section\">\n\t\t\t\t\t\t<div class=\"elementor-container elementor-column-gap-default\">\n\t\t\t\t\t<div class=\"elementor-column elementor-col-100 elementor-top-column elementor-element elementor-element-ea2b7e5\" data-id=\"ea2b7e5\" data-element_type=\"column\">\n\t\t\t<div class=\"elementor-widget-wrap elementor-element-populated\">\n\t\t\t\t\t\t<div class=\"elementor-element elementor-element-f11c5e0 uael-timeline--center uael-timeline-responsive-tablet uael-timeline-arrow-center elementor-widget elementor-widget-uael-timeline\" data-id=\"f11c5e0\" data-element_type=\"widget\" data-widget_type=\"uael-timeline.default\">\n\t\t\t\t<div class=\"elementor-widget-container\">\n\t\t\t\t\t<div class=\"uael-timeline-wrapper uael-timeline-node\">\n\t\n\t<div class=\"uael-timeline-main\">\n\t\t<div class=\"uael-days\">\n\t\t\t\t\t\t\t\t\t\t\t\t<div class=\"elementor-repeater-item-e0adec5 uael-timeline-field animate-border out-view\">\n\t\t\t\t\t\t<div class=\"uael-timeline-widget uael-timeline-right\">\n\t\t\t\t\t\t\t<div class=\"uael-timeline-marker\">\n\t\t\t\t\t\t\t\t<span class=\"timeline-icon-new out-view-timeline-icon\">\n\t\t\t\t\t\t\t\t\t<i aria-hidden=\"true\" class=\"fa fa-calendar\"><\/i>\t\t\t\t\t\t\t\t<\/span>\n\t\t\t\t\t\t\t<\/div>\n\n\t\t\t\t\t\t\t<div class=\"uael-day-new uael-day-right\">\n\t\t\t\t\t\t\t\t<div class=\"uael-events-new\">\n\t\t\t\t\t\t\t\t\t\t\t\t\t\t\t\t\t\t<div class=\"uael-events-inner-new\">\n\t\t\t\t\t\t\t\t\t\t\t\t\t\t\t\t\t\t\t\t\t<div class=\"uael-timeline-date-hide uael-date-inner\"><div class=\"inner-date-new\"><p >FASE I<\/p><\/div>\n\t\t\t\t\t\t\t\t\t\t\t<\/div>\n\t\t\t\t\t\t\t\t\t\t\t\t\t\t\t\t\t\t\t\t<div class=\"uael-content\">\n\t\t\t\t\t\t\t\t\t\t\t\t\t\t\t\t\t\t\t\t\t\t\t\t\t\t\t\t\t\t\t\t\t<div class=\"uael-timeline-heading-text\">\n\t\t\t\t\t\t\t\t\t\t\t\t<h3 class=\"uael-timeline-heading\">Valoraci\u00f3n del p\u00fablico &#8211; elecci\u00f3n del mejor v\u00eddeo de cada centro (Del 10 al 16 de noviembre)<\/h3>\n\t\t\t\t\t\t\t\t\t\t\t<\/div>\n\t\t\t\t\t\t\t\t\t\t\t\t\t\t\t\t\t\t\t\t\t\t\t\t\t\t\t\t\t\t\t\t\t\t\t\t\t\t\t\t\t\t\t\t\t\t\t\t\t\t\t\t\t\t\t\t<div class=\"uael-timeline-desc-content\"> <p>En esta primera fase los v\u00eddeos con m\u00e1s puntos por visualizaci\u00f3n y por \u00abme gustas\u00bb de cada centro escolar ser\u00e1n los seleccionados para la segunda fase.<\/p><p>El v\u00eddeo que reciba m\u00e1s \u201cme gustas\u201d en YouTube: <br \/>El n\u00famero de \u00abme gustas\u00bb que tenga cada v\u00eddeo se multiplicar\u00e1n por 1,5 puntos. (1 \u00abme gusta\u00bb = 1,5 puntos).<\/p><p>El v\u00eddeo m\u00e1s visitado en la p\u00e1gina de YouTube:<br \/>El n\u00famero de visualizaciones se convertir\u00e1n en puntos. (1 visualizaci\u00f3n = 1 punto).<\/p><p>Adem\u00e1s, en caso de empate se tendr\u00e1 en cuenta el plazo de subida del v\u00eddeo.<\/p><\/div>\n\t\t\t\t\t\t\t\t\t\t\t\t\t\t\t\t\t\t\t\t\t\t\t\t\t\t\t\t\t\t\t\t<\/div>\n\t\t\t\t\t\t\t\t\t\t\t\t\t\t\t\t\t\t\t\t\t\t\t<div class=\"uael-timeline-arrow\"><\/div>\n\t\t\t\t\t\t\t\t\t\t\t\t\t\t\t\t\t\t\t\t<\/div>\n\t\t\t\t\t\t\t\t\t\t\t\t\t\t\t\t\t<\/div>\n\t\t\t\t\t\t\t<\/div>\n\t\t\t\t\t\t\t\t\t\t\t\t\t\t\t<div class=\"uael-timeline-date-new\">\n\t\t\t\t\t\t\t\t\t<div class=\"uael-date-new\"><div class=\"inner-date-new\"><div >FASE I<\/div><\/div>\n\t\t\t\t\t\t\t\t\t<\/div>\n\t\t\t\t\t\t\t\t<\/div>\n\t\t\t\t\t\t\t\t\t\t\t\t\t<\/div>\n\t\t\t\t\t<\/div>\n\t\t\t\t\t\t\t\t\t\t\t\t\t\t\t\t\t<div class=\"elementor-repeater-item-e5018cb uael-timeline-field animate-border out-view\">\n\t\t\t\t\t\t<div class=\"uael-timeline-widget uael-timeline-left\">\n\t\t\t\t\t\t\t<div class=\"uael-timeline-marker\">\n\t\t\t\t\t\t\t\t<span class=\"timeline-icon-new out-view-timeline-icon\">\n\t\t\t\t\t\t\t\t\t<i aria-hidden=\"true\" class=\"fa fa-calendar\"><\/i>\t\t\t\t\t\t\t\t<\/span>\n\t\t\t\t\t\t\t<\/div>\n\n\t\t\t\t\t\t\t<div class=\"uael-day-new uael-day-left\">\n\t\t\t\t\t\t\t\t<div class=\"uael-events-new\">\n\t\t\t\t\t\t\t\t\t\t\t\t\t\t\t\t\t\t<div class=\"uael-events-inner-new\">\n\t\t\t\t\t\t\t\t\t\t\t\t\t\t\t\t\t\t\t\t\t<div class=\"uael-timeline-date-hide uael-date-inner\"><div class=\"inner-date-new\"><p >FASE II<\/p><\/div>\n\t\t\t\t\t\t\t\t\t\t\t<\/div>\n\t\t\t\t\t\t\t\t\t\t\t\t\t\t\t\t\t\t\t\t<div class=\"uael-content\">\n\t\t\t\t\t\t\t\t\t\t\t\t\t\t\t\t\t\t\t\t\t\t\t\t\t\t\t\t\t\t\t\t\t<div class=\"uael-timeline-heading-text\">\n\t\t\t\t\t\t\t\t\t\t\t\t<h3 class=\"uael-timeline-heading\">Participaci\u00f3n ciudadana -elecci\u00f3n del mejor video de la comarca (Del 17 al 23 de noviembre)<\/h3>\n\t\t\t\t\t\t\t\t\t\t\t<\/div>\n\t\t\t\t\t\t\t\t\t\t\t\t\t\t\t\t\t\t\t\t\t\t\t\t\t\t\t\t\t\t\t\t\t\t\t\t\t\t\t\t\t\t\t\t\t\t\t\t\t\t\t\t\t\t\t\t<div class=\"uael-timeline-desc-content\"> <p>En la segunda fase los centros escolares, con acompa\u00f1amiento del equipo de Ausolan, seleccionar\u00e1n los dos v\u00eddeos favoritos de su comarca*. Dichos v\u00eddeos no podr\u00e1n ser del su centro escolar y la selecci\u00f3n ser\u00e1 estrictamente basada en los criterios de valoraci\u00f3n del concurso.<\/p><p>El v\u00eddeo con m\u00e1s votos ser\u00e1 el v\u00eddeo elegido de la comarca.<br \/>Todo el proceso ser\u00e1 supervisado y avalado por el equipo de BCC Culinary Club.<\/p><p><small>* Excepciones de la fase dos: las comarcas con un s\u00f3lo v\u00eddeo pasar\u00e1n a la siguiente fase autom\u00e1ticamente. En caso de haber dos v\u00eddeos ser\u00e1 Basque Culinary Center quien haga la selecci\u00f3n.<\/small><\/p><\/div>\n\t\t\t\t\t\t\t\t\t\t\t\t\t\t\t\t\t\t\t\t\t\t\t\t\t\t\t\t\t\t\t\t<\/div>\n\t\t\t\t\t\t\t\t\t\t\t\t\t\t\t\t\t\t\t\t\t\t\t<div class=\"uael-timeline-arrow\"><\/div>\n\t\t\t\t\t\t\t\t\t\t\t\t\t\t\t\t\t\t\t\t<\/div>\n\t\t\t\t\t\t\t\t\t\t\t\t\t\t\t\t\t<\/div>\n\t\t\t\t\t\t\t<\/div>\n\t\t\t\t\t\t\t\t\t\t\t\t\t\t\t<div class=\"uael-timeline-date-new\">\n\t\t\t\t\t\t\t\t\t<div class=\"uael-date-new\"><div class=\"inner-date-new\"><div >FASE II<\/div><\/div>\n\t\t\t\t\t\t\t\t\t<\/div>\n\t\t\t\t\t\t\t\t<\/div>\n\t\t\t\t\t\t\t\t\t\t\t\t\t<\/div>\n\t\t\t\t\t<\/div>\n\t\t\t\t\t\t\t\t\t\t\t\t\t\t\t\t\t<div class=\"elementor-repeater-item-a2f842e uael-timeline-field animate-border out-view\">\n\t\t\t\t\t\t<div class=\"uael-timeline-widget uael-timeline-right\">\n\t\t\t\t\t\t\t<div class=\"uael-timeline-marker\">\n\t\t\t\t\t\t\t\t<span class=\"timeline-icon-new out-view-timeline-icon\">\n\t\t\t\t\t\t\t\t\t<i aria-hidden=\"true\" class=\"fa fa-calendar\"><\/i>\t\t\t\t\t\t\t\t<\/span>\n\t\t\t\t\t\t\t<\/div>\n\n\t\t\t\t\t\t\t<div class=\"uael-day-new uael-day-right\">\n\t\t\t\t\t\t\t\t<div class=\"uael-events-new\">\n\t\t\t\t\t\t\t\t\t\t\t\t\t\t\t\t\t\t<div class=\"uael-events-inner-new\">\n\t\t\t\t\t\t\t\t\t\t\t\t\t\t\t\t\t\t\t\t\t<div class=\"uael-timeline-date-hide uael-date-inner\"><div class=\"inner-date-new\"><p >FASE III<\/p><\/div>\n\t\t\t\t\t\t\t\t\t\t\t<\/div>\n\t\t\t\t\t\t\t\t\t\t\t\t\t\t\t\t\t\t\t\t<div class=\"uael-content\">\n\t\t\t\t\t\t\t\t\t\t\t\t\t\t\t\t\t\t\t\t\t\t\t\t\t\t\t\t\t\t\t\t\t<div class=\"uael-timeline-heading-text\">\n\t\t\t\t\t\t\t\t\t\t\t\t<h3 class=\"uael-timeline-heading\">Comit\u00e9  de expertos\/as -elecci\u00f3n de finalistas por provincias (Del 24 al 27 de noviembre)<\/h3>\n\t\t\t\t\t\t\t\t\t\t\t<\/div>\n\t\t\t\t\t\t\t\t\t\t\t\t\t\t\t\t\t\t\t\t\t\t\t\t\t\t\t\t\t\t\t\t\t\t\t\t\t\t\t\t\t\t\t\t\t\t\t\t\t\t\t\t\t\t\t\t<div class=\"uael-timeline-desc-content\"> <p>Un comit\u00e9 de expertos\/as de BCC Culinary Club y Ausolan seleccionar\u00e1n los v\u00eddeos finalistas por provincia.<\/p><\/div>\n\t\t\t\t\t\t\t\t\t\t\t\t\t\t\t\t\t\t\t\t\t\t\t\t\t\t\t\t\t\t\t\t<\/div>\n\t\t\t\t\t\t\t\t\t\t\t\t\t\t\t\t\t\t\t\t\t\t\t<div class=\"uael-timeline-arrow\"><\/div>\n\t\t\t\t\t\t\t\t\t\t\t\t\t\t\t\t\t\t\t\t<\/div>\n\t\t\t\t\t\t\t\t\t\t\t\t\t\t\t\t\t<\/div>\n\t\t\t\t\t\t\t<\/div>\n\t\t\t\t\t\t\t\t\t\t\t\t\t\t\t<div class=\"uael-timeline-date-new\">\n\t\t\t\t\t\t\t\t\t<div class=\"uael-date-new\"><div class=\"inner-date-new\"><div >FASE III<\/div><\/div>\n\t\t\t\t\t\t\t\t\t<\/div>\n\t\t\t\t\t\t\t\t<\/div>\n\t\t\t\t\t\t\t\t\t\t\t\t\t<\/div>\n\t\t\t\t\t<\/div>\n\t\t\t\t\t\t\t\t\t\t\t\t\t\t\t\t\t<div class=\"elementor-repeater-item-02cdda7 uael-timeline-field animate-border out-view\">\n\t\t\t\t\t\t<div class=\"uael-timeline-widget uael-timeline-left\">\n\t\t\t\t\t\t\t<div class=\"uael-timeline-marker\">\n\t\t\t\t\t\t\t\t<span class=\"timeline-icon-new out-view-timeline-icon\">\n\t\t\t\t\t\t\t\t\t<i aria-hidden=\"true\" class=\"fa fa-calendar\"><\/i>\t\t\t\t\t\t\t\t<\/span>\n\t\t\t\t\t\t\t<\/div>\n\n\t\t\t\t\t\t\t<div class=\"uael-day-new uael-day-left\">\n\t\t\t\t\t\t\t\t<div class=\"uael-events-new\">\n\t\t\t\t\t\t\t\t\t\t\t\t\t\t\t\t\t\t<div class=\"uael-events-inner-new\">\n\t\t\t\t\t\t\t\t\t\t\t\t\t\t\t\t\t\t\t\t\t<div class=\"uael-timeline-date-hide uael-date-inner\"><div class=\"inner-date-new\"><p >FASE IV<\/p><\/div>\n\t\t\t\t\t\t\t\t\t\t\t<\/div>\n\t\t\t\t\t\t\t\t\t\t\t\t\t\t\t\t\t\t\t\t<div class=\"uael-content\">\n\t\t\t\t\t\t\t\t\t\t\t\t\t\t\t\t\t\t\t\t\t\t\t\t\t\t\t\t\t\t\t\t\t<div class=\"uael-timeline-heading-text\">\n\t\t\t\t\t\t\t\t\t\t\t\t<h3 class=\"uael-timeline-heading\">GRAN FINAL en Basque Culinary Center (12 de diciembre)<\/h3>\n\t\t\t\t\t\t\t\t\t\t\t<\/div>\n\t\t\t\t\t\t\t\t\t\t\t\t\t\t\t\t\t\t\t\t\t\t\t\t\t\t\t\t\t\t\t\t\t\t\t\t\t\t\t\t\t\t\t\t\t\t\t\t\t\t\t\t\t\t\t\t<div class=\"uael-timeline-desc-content\"> <p>Se seleccionar\u00e1 un v\u00eddeo de cada territorio (Araba, Gipuzkoa, Bizkaia y Navarra) para cada modalidad (12-14 a\u00f1os y 15-17 a\u00f1os). En total se seleccionar\u00e1n 8 grupos, que presentar\u00e1n sus recetas ante un jurado compuesto por 3 miembros. Para ello, cada grupo deber\u00e1 elaborar su receta en el Basque Culinary Center, tal y como lo haya hecho en el v\u00eddeo de presentaci\u00f3n.<\/p><p>Para terminar, se celebrar\u00e1 una entrega de premios para los seleccionados y sus invitados. Habr\u00e1 un grupo premiado en cada modalidad. Los invitados ser\u00e1n familiares de los participantes.<\/p><\/div>\n\t\t\t\t\t\t\t\t\t\t\t\t\t\t\t\t\t\t\t\t\t\t\t\t\t\t\t\t\t\t\t\t<\/div>\n\t\t\t\t\t\t\t\t\t\t\t\t\t\t\t\t\t\t\t\t\t\t\t<div class=\"uael-timeline-arrow\"><\/div>\n\t\t\t\t\t\t\t\t\t\t\t\t\t\t\t\t\t\t\t\t<\/div>\n\t\t\t\t\t\t\t\t\t\t\t\t\t\t\t\t\t<\/div>\n\t\t\t\t\t\t\t<\/div>\n\t\t\t\t\t\t\t\t\t\t\t\t\t\t\t<div class=\"uael-timeline-date-new\">\n\t\t\t\t\t\t\t\t\t<div class=\"uael-date-new\"><div class=\"inner-date-new\"><div >FASE IV<\/div><\/div>\n\t\t\t\t\t\t\t\t\t<\/div>\n\t\t\t\t\t\t\t\t<\/div>\n\t\t\t\t\t\t\t\t\t\t\t\t\t<\/div>\n\t\t\t\t\t<\/div>\n\t\t\t\t\t\t\t\t\t\t<\/div>\n\t\t<div class=\"uael-timeline__line\">\n\t\t\t<div class=\"uael-timeline__line__inner\"><\/div>\n\t\t<\/div>\n\t<\/div>\n<\/div>\n\n\t\t\t\t<\/div>\n\t\t\t\t<\/div>\n\t\t\t\t\t<\/div>\n\t\t<\/div>\n\t\t\t\t\t<\/div>\n\t\t<\/section>\n\t\t\t\t<\/div>\n\t\t","protected":false},"excerpt":{"rendered":"<p>Fases FASE I Valoraci\u00f3n del p\u00fablico &#8211; elecci\u00f3n del mejor v\u00eddeo de cada centro (Del 10 al 16 de noviembre) En esta primera fase los v\u00eddeos con m\u00e1s puntos por visualizaci\u00f3n y por &#8220;me gustas&#8221; de cada centro escolar ser\u00e1n los seleccionados para la segunda fase. El v\u00eddeo que reciba m\u00e1s \u201cme gustas\u201d en YouTube: [&hellip;]<\/p>\n","protected":false},"author":1,"featured_media":0,"parent":0,"menu_order":0,"comment_status":"closed","ping_status":"closed","template":"","meta":{"_acf_changed":false,"site-sidebar-layout":"no-sidebar","site-content-layout":"page-builder","ast-site-content-layout":"full-width-container","site-content-style":"default","site-sidebar-style":"default","ast-global-header-display":"","ast-banner-title-visibility":"","ast-main-header-display":"","ast-hfb-above-header-display":"","ast-hfb-below-header-display":"","ast-hfb-mobile-header-display":"","site-post-title":"disabled","ast-breadcrumbs-content":"","ast-featured-img":"disabled","footer-sml-layout":"","theme-transparent-header-meta":"","adv-header-id-meta":"","stick-header-meta":"","header-above-stick-meta":"","header-main-stick-meta":"","header-below-stick-meta":"","astra-migrate-meta-layouts":"default","ast-page-background-enabled":"default","ast-page-background-meta":{"desktop":{"background-color":"var(--ast-global-color-4)","background-image":"","background-repeat":"repeat","background-position":"center center","background-size":"auto","background-attachment":"scroll","background-type":"","background-media":"","overlay-type":"","overlay-color":"","overlay-opacity":"","overlay-gradient":""},"tablet":{"background-color":"","background-image":"","background-repeat":"repeat","background-position":"center center","background-size":"auto","background-attachment":"scroll","background-type":"","background-media":"","overlay-type":"","overlay-color":"","overlay-opacity":"","overlay-gradient":""},"mobile":{"background-color":"","background-image":"","background-repeat":"repeat","background-position":"center center","background-size":"auto","background-attachment":"scroll","background-type":"","background-media":"","overlay-type":"","overlay-color":"","overlay-opacity":"","overlay-gradient":""}},"ast-content-background-meta":{"desktop":{"background-color":"var(--ast-global-color-5)","background-image":"","background-repeat":"repeat","background-position":"center center","background-size":"auto","background-attachment":"scroll","background-type":"","background-media":"","overlay-type":"","overlay-color":"","overlay-opacity":"","overlay-gradient":""},"tablet":{"background-color":"var(--ast-global-color-5)","background-image":"","background-repeat":"repeat","background-position":"center center","background-size":"auto","background-attachment":"scroll","background-type":"","background-media":"","overlay-type":"","overlay-color":"","overlay-opacity":"","overlay-gradient":""},"mobile":{"background-color":"var(--ast-global-color-5)","background-image":"","background-repeat":"repeat","background-position":"center center","background-size":"auto","background-attachment":"scroll","background-type":"","background-media":"","overlay-type":"","overlay-color":"","overlay-opacity":"","overlay-gradient":""}},"footnotes":""},"class_list":["post-88","page","type-page","status-publish","hentry"],"acf":[],"yoast_head":"<!-- This site is optimized with the Yoast SEO plugin v26.0 - https:\/\/yoast.com\/wordpress\/plugins\/seo\/ -->\n<title>Fases - Sukaldean Sortzaile<\/title>\n<meta name=\"robots\" content=\"index, follow, max-snippet:-1, max-image-preview:large, max-video-preview:-1\" \/>\n<link rel=\"canonical\" href=\"https:\/\/sukaldeansortzaile.com\/es\/fases\/\" \/>\n<meta property=\"og:locale\" content=\"es_ES\" \/>\n<meta property=\"og:type\" content=\"article\" \/>\n<meta property=\"og:title\" content=\"Fases - Sukaldean Sortzaile\" \/>\n<meta property=\"og:description\" content=\"Fases FASE I Valoraci\u00f3n del p\u00fablico &#8211; elecci\u00f3n del mejor v\u00eddeo de cada centro (Del 10 al 16 de noviembre) En esta primera fase los v\u00eddeos con m\u00e1s puntos por visualizaci\u00f3n y por &#8220;me gustas&#8221; de cada centro escolar ser\u00e1n los seleccionados para la segunda fase. El v\u00eddeo que reciba m\u00e1s \u201cme gustas\u201d en YouTube: [&hellip;]\" \/>\n<meta property=\"og:url\" content=\"https:\/\/sukaldeansortzaile.com\/es\/fases\/\" \/>\n<meta property=\"og:site_name\" content=\"Sukaldean Sortzaile\" \/>\n<meta property=\"article:modified_time\" content=\"2025-11-12T08:51:52+00:00\" \/>\n<meta name=\"twitter:card\" content=\"summary_large_image\" \/>\n<meta name=\"twitter:label1\" content=\"Tiempo de lectura\" \/>\n\t<meta name=\"twitter:data1\" content=\"2 minutos\" \/>\n<script type=\"application\/ld+json\" class=\"yoast-schema-graph\">{\"@context\":\"https:\/\/schema.org\",\"@graph\":[{\"@type\":\"WebPage\",\"@id\":\"https:\/\/sukaldeansortzaile.com\/es\/fases\/\",\"url\":\"https:\/\/sukaldeansortzaile.com\/es\/fases\/\",\"name\":\"Fases - Sukaldean Sortzaile\",\"isPartOf\":{\"@id\":\"https:\/\/sukaldeansortzaile.com\/es\/#website\"},\"datePublished\":\"2021-09-22T10:34:50+00:00\",\"dateModified\":\"2025-11-12T08:51:52+00:00\",\"breadcrumb\":{\"@id\":\"https:\/\/sukaldeansortzaile.com\/es\/fases\/#breadcrumb\"},\"inLanguage\":\"es\",\"potentialAction\":[{\"@type\":\"ReadAction\",\"target\":[\"https:\/\/sukaldeansortzaile.com\/es\/fases\/\"]}]},{\"@type\":\"BreadcrumbList\",\"@id\":\"https:\/\/sukaldeansortzaile.com\/es\/fases\/#breadcrumb\",\"itemListElement\":[{\"@type\":\"ListItem\",\"position\":1,\"name\":\"Home\",\"item\":\"https:\/\/sukaldeansortzaile.com\/es\/\"},{\"@type\":\"ListItem\",\"position\":2,\"name\":\"Fases\"}]},{\"@type\":\"WebSite\",\"@id\":\"https:\/\/sukaldeansortzaile.com\/es\/#website\",\"url\":\"https:\/\/sukaldeansortzaile.com\/es\/\",\"name\":\"Sukaldean Sortzaile\",\"description\":\"\",\"publisher\":{\"@id\":\"https:\/\/sukaldeansortzaile.com\/es\/#organization\"},\"potentialAction\":[{\"@type\":\"SearchAction\",\"target\":{\"@type\":\"EntryPoint\",\"urlTemplate\":\"https:\/\/sukaldeansortzaile.com\/es\/?s={search_term_string}\"},\"query-input\":{\"@type\":\"PropertyValueSpecification\",\"valueRequired\":true,\"valueName\":\"search_term_string\"}}],\"inLanguage\":\"es\"},{\"@type\":\"Organization\",\"@id\":\"https:\/\/sukaldeansortzaile.com\/es\/#organization\",\"name\":\"Sukaldean Sortzaile\",\"url\":\"https:\/\/sukaldeansortzaile.com\/es\/\",\"logo\":{\"@type\":\"ImageObject\",\"inLanguage\":\"es\",\"@id\":\"https:\/\/sukaldeansortzaile.com\/es\/#\/schema\/logo\/image\/\",\"url\":\"https:\/\/sukaldeansortzaile.com\/wp-content\/uploads\/2021\/09\/sukaldean_sortzaile_logo-ausolan.png\",\"contentUrl\":\"https:\/\/sukaldeansortzaile.com\/wp-content\/uploads\/2021\/09\/sukaldean_sortzaile_logo-ausolan.png\",\"width\":734,\"height\":243,\"caption\":\"Sukaldean Sortzaile\"},\"image\":{\"@id\":\"https:\/\/sukaldeansortzaile.com\/es\/#\/schema\/logo\/image\/\"}}]}<\/script>\n<!-- \/ Yoast SEO plugin. -->","yoast_head_json":{"title":"Fases - Sukaldean Sortzaile","robots":{"index":"index","follow":"follow","max-snippet":"max-snippet:-1","max-image-preview":"max-image-preview:large","max-video-preview":"max-video-preview:-1"},"canonical":"https:\/\/sukaldeansortzaile.com\/es\/fases\/","og_locale":"es_ES","og_type":"article","og_title":"Fases - Sukaldean Sortzaile","og_description":"Fases FASE I Valoraci\u00f3n del p\u00fablico &#8211; elecci\u00f3n del mejor v\u00eddeo de cada centro (Del 10 al 16 de noviembre) En esta primera fase los v\u00eddeos con m\u00e1s puntos por visualizaci\u00f3n y por &#8220;me gustas&#8221; de cada centro escolar ser\u00e1n los seleccionados para la segunda fase. El v\u00eddeo que reciba m\u00e1s \u201cme gustas\u201d en YouTube: [&hellip;]","og_url":"https:\/\/sukaldeansortzaile.com\/es\/fases\/","og_site_name":"Sukaldean Sortzaile","article_modified_time":"2025-11-12T08:51:52+00:00","twitter_card":"summary_large_image","twitter_misc":{"Tiempo de lectura":"2 minutos"},"schema":{"@context":"https:\/\/schema.org","@graph":[{"@type":"WebPage","@id":"https:\/\/sukaldeansortzaile.com\/es\/fases\/","url":"https:\/\/sukaldeansortzaile.com\/es\/fases\/","name":"Fases - Sukaldean Sortzaile","isPartOf":{"@id":"https:\/\/sukaldeansortzaile.com\/es\/#website"},"datePublished":"2021-09-22T10:34:50+00:00","dateModified":"2025-11-12T08:51:52+00:00","breadcrumb":{"@id":"https:\/\/sukaldeansortzaile.com\/es\/fases\/#breadcrumb"},"inLanguage":"es","potentialAction":[{"@type":"ReadAction","target":["https:\/\/sukaldeansortzaile.com\/es\/fases\/"]}]},{"@type":"BreadcrumbList","@id":"https:\/\/sukaldeansortzaile.com\/es\/fases\/#breadcrumb","itemListElement":[{"@type":"ListItem","position":1,"name":"Home","item":"https:\/\/sukaldeansortzaile.com\/es\/"},{"@type":"ListItem","position":2,"name":"Fases"}]},{"@type":"WebSite","@id":"https:\/\/sukaldeansortzaile.com\/es\/#website","url":"https:\/\/sukaldeansortzaile.com\/es\/","name":"Sukaldean Sortzaile","description":"","publisher":{"@id":"https:\/\/sukaldeansortzaile.com\/es\/#organization"},"potentialAction":[{"@type":"SearchAction","target":{"@type":"EntryPoint","urlTemplate":"https:\/\/sukaldeansortzaile.com\/es\/?s={search_term_string}"},"query-input":{"@type":"PropertyValueSpecification","valueRequired":true,"valueName":"search_term_string"}}],"inLanguage":"es"},{"@type":"Organization","@id":"https:\/\/sukaldeansortzaile.com\/es\/#organization","name":"Sukaldean Sortzaile","url":"https:\/\/sukaldeansortzaile.com\/es\/","logo":{"@type":"ImageObject","inLanguage":"es","@id":"https:\/\/sukaldeansortzaile.com\/es\/#\/schema\/logo\/image\/","url":"https:\/\/sukaldeansortzaile.com\/wp-content\/uploads\/2021\/09\/sukaldean_sortzaile_logo-ausolan.png","contentUrl":"https:\/\/sukaldeansortzaile.com\/wp-content\/uploads\/2021\/09\/sukaldean_sortzaile_logo-ausolan.png","width":734,"height":243,"caption":"Sukaldean Sortzaile"},"image":{"@id":"https:\/\/sukaldeansortzaile.com\/es\/#\/schema\/logo\/image\/"}}]}},"_links":{"self":[{"href":"https:\/\/sukaldeansortzaile.com\/es\/wp-json\/wp\/v2\/pages\/88","targetHints":{"allow":["GET"]}}],"collection":[{"href":"https:\/\/sukaldeansortzaile.com\/es\/wp-json\/wp\/v2\/pages"}],"about":[{"href":"https:\/\/sukaldeansortzaile.com\/es\/wp-json\/wp\/v2\/types\/page"}],"author":[{"embeddable":true,"href":"https:\/\/sukaldeansortzaile.com\/es\/wp-json\/wp\/v2\/users\/1"}],"replies":[{"embeddable":true,"href":"https:\/\/sukaldeansortzaile.com\/es\/wp-json\/wp\/v2\/comments?post=88"}],"version-history":[{"count":47,"href":"https:\/\/sukaldeansortzaile.com\/es\/wp-json\/wp\/v2\/pages\/88\/revisions"}],"predecessor-version":[{"id":1955,"href":"https:\/\/sukaldeansortzaile.com\/es\/wp-json\/wp\/v2\/pages\/88\/revisions\/1955"}],"wp:attachment":[{"href":"https:\/\/sukaldeansortzaile.com\/es\/wp-json\/wp\/v2\/media?parent=88"}],"curies":[{"name":"wp","href":"https:\/\/api.w.org\/{rel}","templated":true}]}}