{"id":79,"date":"2021-09-22T12:17:29","date_gmt":"2021-09-22T10:17:29","guid":{"rendered":"http:\/\/sukaldeansortzaile.com\/?page_id=79"},"modified":"2025-11-12T09:45:57","modified_gmt":"2025-11-12T08:45:57","slug":"bases-del-concurso","status":"publish","type":"page","link":"https:\/\/sukaldeansortzaile.com\/es\/bases-del-concurso\/","title":{"rendered":"Bases del concurso"},"content":{"rendered":"\t\t<div data-elementor-type=\"wp-page\" data-elementor-id=\"79\" class=\"elementor elementor-79\" data-elementor-post-type=\"page\">\n\t\t\t\t\t\t<section class=\"elementor-section elementor-top-section elementor-element elementor-element-5345477 elementor-section-boxed elementor-section-height-default elementor-section-height-default\" data-id=\"5345477\" data-element_type=\"section\">\n\t\t\t\t\t\t<div class=\"elementor-container elementor-column-gap-default\">\n\t\t\t\t\t<div class=\"elementor-column elementor-col-100 elementor-top-column elementor-element elementor-element-cc4e89e\" data-id=\"cc4e89e\" data-element_type=\"column\">\n\t\t\t<div class=\"elementor-widget-wrap elementor-element-populated\">\n\t\t\t\t\t\t<div class=\"elementor-element elementor-element-89b94d5 elementor-widget elementor-widget-heading\" data-id=\"89b94d5\" data-element_type=\"widget\" data-widget_type=\"heading.default\">\n\t\t\t\t<div class=\"elementor-widget-container\">\n\t\t\t\t\t<h1 class=\"elementor-heading-title elementor-size-default\">Bases del concurso<\/h1>\t\t\t\t<\/div>\n\t\t\t\t<\/div>\n\t\t\t\t\t<\/div>\n\t\t<\/div>\n\t\t\t\t\t<\/div>\n\t\t<\/section>\n\t\t\t\t<section class=\"elementor-section elementor-top-section elementor-element elementor-element-3c39b08 elementor-section-boxed elementor-section-height-default elementor-section-height-default\" data-id=\"3c39b08\" data-element_type=\"section\">\n\t\t\t\t\t\t<div class=\"elementor-container elementor-column-gap-default\">\n\t\t\t\t\t<div class=\"elementor-column elementor-col-50 elementor-top-column elementor-element elementor-element-3af71d4\" data-id=\"3af71d4\" data-element_type=\"column\">\n\t\t\t<div class=\"elementor-widget-wrap elementor-element-populated\">\n\t\t\t\t\t\t<div class=\"elementor-element elementor-element-dbd9b6c elementor-widget elementor-widget-text-editor\" data-id=\"dbd9b6c\" data-element_type=\"widget\" data-widget_type=\"text-editor.default\">\n\t\t\t\t<div class=\"elementor-widget-container\">\n\t\t\t\t\t\t\t\t\t<h2>Localizaci\u00f3n y edades<\/h2><p>Podra\u0301n participar grupos de adolescentes de Araba, Bizkaia, Gipuzkoa y Navarra, distribuidos en dos modalidades, en funcio\u0301n de la edad:<\/p><p>De 12 a 14 a\u00f1os o j\u00f3venes nacidos en el 2014, 2013, 2012, 2011 incluyendo alumnado de 6\u00ba de Educaci\u00f3n Primaria hasta 3\u00ba de la ESO. Esta categor\u00eda tambi\u00e9n est\u00e1 abierta a estudiantes repetidores, alumnado de aulas estables de Educaci\u00f3n Especial, y estudiantes de los grados de Formaci\u00f3n Profesional que cumplan con el criterio de edad.<\/p><p>De 15 a 17 a\u00f1os o j\u00f3venes nacidos en 2010, 2009, 2008, es decir, alumnos que cursan 4\u00ba de ESO, 1\u00ba o 2\u00ba de Bachillerato y tambi\u00e9n estudiantes repetidores, que pueden estar en estos cursos, alumnos pertenecientes a aulas estables de Educaci\u00f3n Especialyestudiantes de Formaci\u00f3n Profesional que cumplan con los criterios de esta franja de edad.<\/p>\t\t\t\t\t\t\t\t<\/div>\n\t\t\t\t<\/div>\n\t\t\t\t\t<\/div>\n\t\t<\/div>\n\t\t\t\t<div class=\"elementor-column elementor-col-50 elementor-top-column elementor-element elementor-element-59efc32\" data-id=\"59efc32\" data-element_type=\"column\">\n\t\t\t<div class=\"elementor-widget-wrap elementor-element-populated\">\n\t\t\t\t\t\t<div class=\"elementor-element elementor-element-eafb416 elementor-widget elementor-widget-text-editor\" data-id=\"eafb416\" data-element_type=\"widget\" data-widget_type=\"text-editor.default\">\n\t\t\t\t<div class=\"elementor-widget-container\">\n\t\t\t\t\t\t\t\t\t<h2>Los grupos<\/h2>\n<p>Los grupos deber\u00e1n tener 2 &#8211; 3 miembros y pertenecer a la misma clase dentro del centro escolar o formativo.<\/p>\n<p>Dos modalidades de edad:<br>Edades de 12-14 a\u00f1os (A\u00d1OS de nacimiento 2014, 2013, 2012 y 2011).&nbsp;<\/p>\n<p>De 12 a 14 a\u00f1os o j\u00f3venes nacidos en el 2014, 2013, 2012, 2011 incluyendo alumnado de 6\u00ba de Educaci\u00f3n Primaria hasta 3\u00ba de la ESO. Esta categor\u00eda tambi\u00e9n est\u00e1 abierta a estudiantes repetidores, alumnado de aulas estables de Educaci\u00f3n Especial, y estudiantes de los grados de Formaci\u00f3n Profesional que cumplan con el criterio de edad.<\/p>\n<p>De 15-17 a\u00f1os (A\u00d1OS nacimiento 2010, 2009 y 2008). De 15 a 17 a\u00f1os o j\u00f3venes nacidos en 2010, 2009, 2008, es decir, alumnos que cursan 4\u00ba de ESO, 1\u00ba o 2\u00ba de Bachillerato y tambi\u00e9n estudiantes repetidores, que pueden estar en estos cursos, alumnos pertenecientes a aulas estables de Educaci\u00f3n Especialyestudiantes de Formaci\u00f3n Profesional que cumplan con los criterios de esta franja de edad.<\/p>\t\t\t\t\t\t\t\t<\/div>\n\t\t\t\t<\/div>\n\t\t\t\t\t<\/div>\n\t\t<\/div>\n\t\t\t\t\t<\/div>\n\t\t<\/section>\n\t\t\t\t<section class=\"elementor-section elementor-top-section elementor-element elementor-element-a9afa74 elementor-section-boxed elementor-section-height-default elementor-section-height-default\" data-id=\"a9afa74\" data-element_type=\"section\">\n\t\t\t\t\t\t<div class=\"elementor-container elementor-column-gap-default\">\n\t\t\t\t\t<div class=\"elementor-column elementor-col-50 elementor-top-column elementor-element elementor-element-5ebe1ed\" data-id=\"5ebe1ed\" data-element_type=\"column\">\n\t\t\t<div class=\"elementor-widget-wrap elementor-element-populated\">\n\t\t\t\t\t\t<div class=\"elementor-element elementor-element-8b6cfad elementor-widget elementor-widget-text-editor\" data-id=\"8b6cfad\" data-element_type=\"widget\" data-widget_type=\"text-editor.default\">\n\t\t\t\t<div class=\"elementor-widget-container\">\n\t\t\t\t\t\t\t\t\t<h2>Reescribid la receta<\/h2>\n<p>Escribid una receta nueva inspir\u00e1ndoos en una receta de vuestros abuelos y abuelas. Tendr\u00e9is que razonar los cambios que realic\u00e9is.<\/p>\t\t\t\t\t\t\t\t<\/div>\n\t\t\t\t<\/div>\n\t\t\t\t\t<\/div>\n\t\t<\/div>\n\t\t\t\t<div class=\"elementor-column elementor-col-50 elementor-top-column elementor-element elementor-element-59d69f7\" data-id=\"59d69f7\" data-element_type=\"column\">\n\t\t\t<div class=\"elementor-widget-wrap elementor-element-populated\">\n\t\t\t\t\t\t<div class=\"elementor-element elementor-element-f9f71b3 elementor-widget elementor-widget-text-editor\" data-id=\"f9f71b3\" data-element_type=\"widget\" data-widget_type=\"text-editor.default\">\n\t\t\t\t<div class=\"elementor-widget-container\">\n\t\t\t\t\t\t\t\t\t<h2>Grabad un v\u00eddeo<\/h2><p>Grabad un v\u00eddeo en euskera o castellano donde expong\u00e1is el origen de la receta, el porqu\u00e9 de su elecci\u00f3n, los pasos a seguir en su elaboraci\u00f3n, los productos y utensilios que hay\u00e1is utilizado y el plato terminado. El v\u00eddeo deber\u00e1 durar entre 2 y 3 minutos. En el v\u00eddeo no olvid\u00e9is incluir la receta.<\/p><p>Con el fin de evaluar el v\u00eddeo es necesario que haya evidencia de que las recetas las elabor\u00e1is vosotros y vosotras, aunque no es estrictamente necesario que se muestre vuestro rostro si as\u00ed lo dese\u00e1is (por ejemplo, se pueden mostrar las manos y en alg\u00fan momento a vosotros\/as por detr\u00e1s, o las caras pixeladas )\u00a0<\/p><p>\u00a0<\/p>\t\t\t\t\t\t\t\t<\/div>\n\t\t\t\t<\/div>\n\t\t\t\t\t<\/div>\n\t\t<\/div>\n\t\t\t\t\t<\/div>\n\t\t<\/section>\n\t\t\t\t<section class=\"elementor-section elementor-top-section elementor-element elementor-element-380ad45 elementor-section-boxed elementor-section-height-default elementor-section-height-default\" data-id=\"380ad45\" data-element_type=\"section\">\n\t\t\t\t\t\t<div class=\"elementor-container elementor-column-gap-default\">\n\t\t\t\t\t<div class=\"elementor-column elementor-col-50 elementor-top-column elementor-element elementor-element-991077c\" data-id=\"991077c\" data-element_type=\"column\">\n\t\t\t<div class=\"elementor-widget-wrap elementor-element-populated\">\n\t\t\t\t\t\t<div class=\"elementor-element elementor-element-0eb3dab elementor-widget elementor-widget-text-editor\" data-id=\"0eb3dab\" data-element_type=\"widget\" data-widget_type=\"text-editor.default\">\n\t\t\t\t<div class=\"elementor-widget-container\">\n\t\t\t\t\t\t\t\t\t<h2>Equipos seleccionados<\/h2><p>Los equipos seleccionados para pasar a la siguiente fase se comunicar\u00e1n por correo electr\u00f3nico al contacto facilitado en la subida del video.<\/p><p>La organizaci\u00f3n se reserva el derecho a a\u00f1adir otro v\u00eddeo del mismo grupo de edad en el caso de que quede desierta.<\/p>\t\t\t\t\t\t\t\t<\/div>\n\t\t\t\t<\/div>\n\t\t\t\t\t<\/div>\n\t\t<\/div>\n\t\t\t\t<div class=\"elementor-column elementor-col-50 elementor-top-column elementor-element elementor-element-17ba0db\" data-id=\"17ba0db\" data-element_type=\"column\">\n\t\t\t<div class=\"elementor-widget-wrap\">\n\t\t\t\t\t\t\t<\/div>\n\t\t<\/div>\n\t\t\t\t\t<\/div>\n\t\t<\/section>\n\t\t\t\t<section class=\"elementor-section elementor-top-section elementor-element elementor-element-a0220ad elementor-section-boxed elementor-section-height-default elementor-section-height-default\" data-id=\"a0220ad\" data-element_type=\"section\" data-settings=\"{&quot;background_background&quot;:&quot;gradient&quot;}\">\n\t\t\t\t\t\t<div class=\"elementor-container elementor-column-gap-default\">\n\t\t\t\t\t<div class=\"elementor-column elementor-col-25 elementor-top-column elementor-element elementor-element-9bd9348\" data-id=\"9bd9348\" data-element_type=\"column\">\n\t\t\t<div class=\"elementor-widget-wrap\">\n\t\t\t\t\t\t\t<\/div>\n\t\t<\/div>\n\t\t\t\t<div class=\"elementor-column elementor-col-50 elementor-top-column elementor-element elementor-element-c420e44\" data-id=\"c420e44\" data-element_type=\"column\">\n\t\t\t<div class=\"elementor-widget-wrap elementor-element-populated\">\n\t\t\t\t\t\t<div class=\"elementor-element elementor-element-f62b3e5 elementor-widget elementor-widget-heading\" data-id=\"f62b3e5\" data-element_type=\"widget\" data-widget_type=\"heading.default\">\n\t\t\t\t<div class=\"elementor-widget-container\">\n\t\t\t\t\t<h2 class=\"elementor-heading-title elementor-size-default\">El plazo para colgar el vi\u0301deo y enviar las recetas finalizara\u0301 el 9 de noviembre de 2025.<\/h2>\t\t\t\t<\/div>\n\t\t\t\t<\/div>\n\t\t\t\t<div class=\"elementor-element elementor-element-2c7efce elementor-align-center elementor-hidden-desktop elementor-hidden-tablet elementor-hidden-mobile elementor-widget elementor-widget-button\" data-id=\"2c7efce\" data-element_type=\"widget\" data-widget_type=\"button.default\">\n\t\t\t\t<div class=\"elementor-widget-container\">\n\t\t\t\t\t\t\t\t\t<div class=\"elementor-button-wrapper\">\n\t\t\t\t\t<a class=\"elementor-button elementor-button-link elementor-size-md\" href=\"https:\/\/sukaldeansortzaile.com\/es\/subid-vuestro-video\/\">\n\t\t\t\t\t\t<span class=\"elementor-button-content-wrapper\">\n\t\t\t\t\t\t\t\t\t<span class=\"elementor-button-text\">Subid vuestro v\u00eddeo<\/span>\n\t\t\t\t\t<\/span>\n\t\t\t\t\t<\/a>\n\t\t\t\t<\/div>\n\t\t\t\t\t\t\t\t<\/div>\n\t\t\t\t<\/div>\n\t\t\t\t\t<\/div>\n\t\t<\/div>\n\t\t\t\t<div class=\"elementor-column elementor-col-25 elementor-top-column elementor-element elementor-element-2b6f619\" data-id=\"2b6f619\" data-element_type=\"column\">\n\t\t\t<div class=\"elementor-widget-wrap\">\n\t\t\t\t\t\t\t<\/div>\n\t\t<\/div>\n\t\t\t\t\t<\/div>\n\t\t<\/section>\n\t\t\t\t<\/div>\n\t\t","protected":false},"excerpt":{"rendered":"<p>Bases del concurso Localizaci\u00f3n y edades Podra\u0301n participar grupos de adolescentes de Araba, Bizkaia, Gipuzkoa y Navarra, distribuidos en dos modalidades, en funcio\u0301n de la edad: De 12 a 14 a\u00f1os o j\u00f3venes nacidos en el 2014, 2013, 2012, 2011 incluyendo alumnado de 6\u00ba de Educaci\u00f3n Primaria hasta 3\u00ba de la ESO. Esta categor\u00eda tambi\u00e9n [&hellip;]<\/p>\n","protected":false},"author":1,"featured_media":0,"parent":0,"menu_order":0,"comment_status":"closed","ping_status":"closed","template":"","meta":{"_acf_changed":false,"site-sidebar-layout":"no-sidebar","site-content-layout":"page-builder","ast-site-content-layout":"default","site-content-style":"default","site-sidebar-style":"default","ast-global-header-display":"","ast-banner-title-visibility":"","ast-main-header-display":"","ast-hfb-above-header-display":"","ast-hfb-below-header-display":"","ast-hfb-mobile-header-display":"","site-post-title":"disabled","ast-breadcrumbs-content":"","ast-featured-img":"disabled","footer-sml-layout":"","theme-transparent-header-meta":"default","adv-header-id-meta":"","stick-header-meta":"default","header-above-stick-meta":"","header-main-stick-meta":"","header-below-stick-meta":"","astra-migrate-meta-layouts":"default","ast-page-background-enabled":"default","ast-page-background-meta":{"desktop":{"background-color":"var(--ast-global-color-4)","background-image":"","background-repeat":"repeat","background-position":"center center","background-size":"auto","background-attachment":"scroll","background-type":"","background-media":"","overlay-type":"","overlay-color":"","overlay-opacity":"","overlay-gradient":""},"tablet":{"background-color":"","background-image":"","background-repeat":"repeat","background-position":"center center","background-size":"auto","background-attachment":"scroll","background-type":"","background-media":"","overlay-type":"","overlay-color":"","overlay-opacity":"","overlay-gradient":""},"mobile":{"background-color":"","background-image":"","background-repeat":"repeat","background-position":"center center","background-size":"auto","background-attachment":"scroll","background-type":"","background-media":"","overlay-type":"","overlay-color":"","overlay-opacity":"","overlay-gradient":""}},"ast-content-background-meta":{"desktop":{"background-color":"var(--ast-global-color-5)","background-image":"","background-repeat":"repeat","background-position":"center center","background-size":"auto","background-attachment":"scroll","background-type":"","background-media":"","overlay-type":"","overlay-color":"","overlay-opacity":"","overlay-gradient":""},"tablet":{"background-color":"var(--ast-global-color-5)","background-image":"","background-repeat":"repeat","background-position":"center center","background-size":"auto","background-attachment":"scroll","background-type":"","background-media":"","overlay-type":"","overlay-color":"","overlay-opacity":"","overlay-gradient":""},"mobile":{"background-color":"var(--ast-global-color-5)","background-image":"","background-repeat":"repeat","background-position":"center center","background-size":"auto","background-attachment":"scroll","background-type":"","background-media":"","overlay-type":"","overlay-color":"","overlay-opacity":"","overlay-gradient":""}},"footnotes":""},"class_list":["post-79","page","type-page","status-publish","hentry"],"acf":[],"yoast_head":"<!-- This site is optimized with the Yoast SEO plugin v26.0 - https:\/\/yoast.com\/wordpress\/plugins\/seo\/ -->\n<title>Bases del concurso - Sukaldean Sortzaile<\/title>\n<meta name=\"robots\" content=\"index, follow, max-snippet:-1, max-image-preview:large, max-video-preview:-1\" \/>\n<link rel=\"canonical\" href=\"https:\/\/sukaldeansortzaile.com\/es\/bases-del-concurso\/\" \/>\n<meta property=\"og:locale\" content=\"es_ES\" \/>\n<meta property=\"og:type\" content=\"article\" \/>\n<meta property=\"og:title\" content=\"Bases del concurso - Sukaldean Sortzaile\" \/>\n<meta property=\"og:description\" content=\"Bases del concurso Localizaci\u00f3n y edades Podra\u0301n participar grupos de adolescentes de Araba, Bizkaia, Gipuzkoa y Navarra, distribuidos en dos modalidades, en funcio\u0301n de la edad: De 12 a 14 a\u00f1os o j\u00f3venes nacidos en el 2014, 2013, 2012, 2011 incluyendo alumnado de 6\u00ba de Educaci\u00f3n Primaria hasta 3\u00ba de la ESO. Esta categor\u00eda tambi\u00e9n [&hellip;]\" \/>\n<meta property=\"og:url\" content=\"https:\/\/sukaldeansortzaile.com\/es\/bases-del-concurso\/\" \/>\n<meta property=\"og:site_name\" content=\"Sukaldean Sortzaile\" \/>\n<meta property=\"article:modified_time\" content=\"2025-11-12T08:45:57+00:00\" \/>\n<meta name=\"twitter:card\" content=\"summary_large_image\" \/>\n<meta name=\"twitter:label1\" content=\"Tiempo de lectura\" \/>\n\t<meta name=\"twitter:data1\" content=\"3 minutos\" \/>\n<script type=\"application\/ld+json\" class=\"yoast-schema-graph\">{\"@context\":\"https:\/\/schema.org\",\"@graph\":[{\"@type\":\"WebPage\",\"@id\":\"https:\/\/sukaldeansortzaile.com\/es\/bases-del-concurso\/\",\"url\":\"https:\/\/sukaldeansortzaile.com\/es\/bases-del-concurso\/\",\"name\":\"Bases del concurso - Sukaldean Sortzaile\",\"isPartOf\":{\"@id\":\"https:\/\/sukaldeansortzaile.com\/es\/#website\"},\"datePublished\":\"2021-09-22T10:17:29+00:00\",\"dateModified\":\"2025-11-12T08:45:57+00:00\",\"breadcrumb\":{\"@id\":\"https:\/\/sukaldeansortzaile.com\/es\/bases-del-concurso\/#breadcrumb\"},\"inLanguage\":\"es\",\"potentialAction\":[{\"@type\":\"ReadAction\",\"target\":[\"https:\/\/sukaldeansortzaile.com\/es\/bases-del-concurso\/\"]}]},{\"@type\":\"BreadcrumbList\",\"@id\":\"https:\/\/sukaldeansortzaile.com\/es\/bases-del-concurso\/#breadcrumb\",\"itemListElement\":[{\"@type\":\"ListItem\",\"position\":1,\"name\":\"Home\",\"item\":\"https:\/\/sukaldeansortzaile.com\/es\/\"},{\"@type\":\"ListItem\",\"position\":2,\"name\":\"Bases del concurso\"}]},{\"@type\":\"WebSite\",\"@id\":\"https:\/\/sukaldeansortzaile.com\/es\/#website\",\"url\":\"https:\/\/sukaldeansortzaile.com\/es\/\",\"name\":\"Sukaldean Sortzaile\",\"description\":\"\",\"publisher\":{\"@id\":\"https:\/\/sukaldeansortzaile.com\/es\/#organization\"},\"potentialAction\":[{\"@type\":\"SearchAction\",\"target\":{\"@type\":\"EntryPoint\",\"urlTemplate\":\"https:\/\/sukaldeansortzaile.com\/es\/?s={search_term_string}\"},\"query-input\":{\"@type\":\"PropertyValueSpecification\",\"valueRequired\":true,\"valueName\":\"search_term_string\"}}],\"inLanguage\":\"es\"},{\"@type\":\"Organization\",\"@id\":\"https:\/\/sukaldeansortzaile.com\/es\/#organization\",\"name\":\"Sukaldean Sortzaile\",\"url\":\"https:\/\/sukaldeansortzaile.com\/es\/\",\"logo\":{\"@type\":\"ImageObject\",\"inLanguage\":\"es\",\"@id\":\"https:\/\/sukaldeansortzaile.com\/es\/#\/schema\/logo\/image\/\",\"url\":\"https:\/\/sukaldeansortzaile.com\/wp-content\/uploads\/2021\/09\/sukaldean_sortzaile_logo-ausolan.png\",\"contentUrl\":\"https:\/\/sukaldeansortzaile.com\/wp-content\/uploads\/2021\/09\/sukaldean_sortzaile_logo-ausolan.png\",\"width\":734,\"height\":243,\"caption\":\"Sukaldean Sortzaile\"},\"image\":{\"@id\":\"https:\/\/sukaldeansortzaile.com\/es\/#\/schema\/logo\/image\/\"}}]}<\/script>\n<!-- \/ Yoast SEO plugin. -->","yoast_head_json":{"title":"Bases del concurso - Sukaldean Sortzaile","robots":{"index":"index","follow":"follow","max-snippet":"max-snippet:-1","max-image-preview":"max-image-preview:large","max-video-preview":"max-video-preview:-1"},"canonical":"https:\/\/sukaldeansortzaile.com\/es\/bases-del-concurso\/","og_locale":"es_ES","og_type":"article","og_title":"Bases del concurso - Sukaldean Sortzaile","og_description":"Bases del concurso Localizaci\u00f3n y edades Podra\u0301n participar grupos de adolescentes de Araba, Bizkaia, Gipuzkoa y Navarra, distribuidos en dos modalidades, en funcio\u0301n de la edad: De 12 a 14 a\u00f1os o j\u00f3venes nacidos en el 2014, 2013, 2012, 2011 incluyendo alumnado de 6\u00ba de Educaci\u00f3n Primaria hasta 3\u00ba de la ESO. Esta categor\u00eda tambi\u00e9n [&hellip;]","og_url":"https:\/\/sukaldeansortzaile.com\/es\/bases-del-concurso\/","og_site_name":"Sukaldean Sortzaile","article_modified_time":"2025-11-12T08:45:57+00:00","twitter_card":"summary_large_image","twitter_misc":{"Tiempo de lectura":"3 minutos"},"schema":{"@context":"https:\/\/schema.org","@graph":[{"@type":"WebPage","@id":"https:\/\/sukaldeansortzaile.com\/es\/bases-del-concurso\/","url":"https:\/\/sukaldeansortzaile.com\/es\/bases-del-concurso\/","name":"Bases del concurso - Sukaldean Sortzaile","isPartOf":{"@id":"https:\/\/sukaldeansortzaile.com\/es\/#website"},"datePublished":"2021-09-22T10:17:29+00:00","dateModified":"2025-11-12T08:45:57+00:00","breadcrumb":{"@id":"https:\/\/sukaldeansortzaile.com\/es\/bases-del-concurso\/#breadcrumb"},"inLanguage":"es","potentialAction":[{"@type":"ReadAction","target":["https:\/\/sukaldeansortzaile.com\/es\/bases-del-concurso\/"]}]},{"@type":"BreadcrumbList","@id":"https:\/\/sukaldeansortzaile.com\/es\/bases-del-concurso\/#breadcrumb","itemListElement":[{"@type":"ListItem","position":1,"name":"Home","item":"https:\/\/sukaldeansortzaile.com\/es\/"},{"@type":"ListItem","position":2,"name":"Bases del concurso"}]},{"@type":"WebSite","@id":"https:\/\/sukaldeansortzaile.com\/es\/#website","url":"https:\/\/sukaldeansortzaile.com\/es\/","name":"Sukaldean Sortzaile","description":"","publisher":{"@id":"https:\/\/sukaldeansortzaile.com\/es\/#organization"},"potentialAction":[{"@type":"SearchAction","target":{"@type":"EntryPoint","urlTemplate":"https:\/\/sukaldeansortzaile.com\/es\/?s={search_term_string}"},"query-input":{"@type":"PropertyValueSpecification","valueRequired":true,"valueName":"search_term_string"}}],"inLanguage":"es"},{"@type":"Organization","@id":"https:\/\/sukaldeansortzaile.com\/es\/#organization","name":"Sukaldean Sortzaile","url":"https:\/\/sukaldeansortzaile.com\/es\/","logo":{"@type":"ImageObject","inLanguage":"es","@id":"https:\/\/sukaldeansortzaile.com\/es\/#\/schema\/logo\/image\/","url":"https:\/\/sukaldeansortzaile.com\/wp-content\/uploads\/2021\/09\/sukaldean_sortzaile_logo-ausolan.png","contentUrl":"https:\/\/sukaldeansortzaile.com\/wp-content\/uploads\/2021\/09\/sukaldean_sortzaile_logo-ausolan.png","width":734,"height":243,"caption":"Sukaldean Sortzaile"},"image":{"@id":"https:\/\/sukaldeansortzaile.com\/es\/#\/schema\/logo\/image\/"}}]}},"_links":{"self":[{"href":"https:\/\/sukaldeansortzaile.com\/es\/wp-json\/wp\/v2\/pages\/79","targetHints":{"allow":["GET"]}}],"collection":[{"href":"https:\/\/sukaldeansortzaile.com\/es\/wp-json\/wp\/v2\/pages"}],"about":[{"href":"https:\/\/sukaldeansortzaile.com\/es\/wp-json\/wp\/v2\/types\/page"}],"author":[{"embeddable":true,"href":"https:\/\/sukaldeansortzaile.com\/es\/wp-json\/wp\/v2\/users\/1"}],"replies":[{"embeddable":true,"href":"https:\/\/sukaldeansortzaile.com\/es\/wp-json\/wp\/v2\/comments?post=79"}],"version-history":[{"count":74,"href":"https:\/\/sukaldeansortzaile.com\/es\/wp-json\/wp\/v2\/pages\/79\/revisions"}],"predecessor-version":[{"id":1945,"href":"https:\/\/sukaldeansortzaile.com\/es\/wp-json\/wp\/v2\/pages\/79\/revisions\/1945"}],"wp:attachment":[{"href":"https:\/\/sukaldeansortzaile.com\/es\/wp-json\/wp\/v2\/media?parent=79"}],"curies":[{"name":"wp","href":"https:\/\/api.w.org\/{rel}","templated":true}]}}