{"id":265,"date":"2021-09-24T13:27:22","date_gmt":"2021-09-24T11:27:22","guid":{"rendered":"http:\/\/sukaldeansortzaile.com\/politica-de-cookies\/"},"modified":"2021-11-11T08:23:03","modified_gmt":"2021-11-11T07:23:03","slug":"politica-de-cookies","status":"publish","type":"page","link":"https:\/\/sukaldeansortzaile.com\/es\/politica-de-cookies\/","title":{"rendered":"Pol\u00edtica de cookies"},"content":{"rendered":"<h3>1. QU\u00c9 SON LAS COOKIES Y POR QU\u00c9 LAS UTILIZAMOS EN BASQUE CULINARY CENTER<\/h3>\n<p>Una cookie es un fichero que se descarga en el dispositivo del usuario al acceder a determinadas p\u00e1ginas web para almacenar y recuperar informaci\u00f3n sobre la navegaci\u00f3n que se efect\u00faa desde dicho equipo. Las cookies permiten a dicha web, entre otras cosas, almacenar y recuperar informaci\u00f3n sobre las decisiones y h\u00e1bitos del usuario. En Basque Culinary Center las utilizamos para personalizar la experiencia dentro de nuestra web y facilitar la navegaci\u00f3n. Es importante destacar que el uso de cookies no proporciona datos personales del usuario. El usuario puede configurar su navegador para no aceptar el uso de cookies, en cuyo caso la personalizaci\u00f3n de la experiencia no se aplicar\u00eda aunque s\u00ed podr\u00e1 seguir accediendo a los contenidos de nuestra web con normalidad. En la p\u00e1gina de Wikipedia (http:\/\/es.wikipedia.org\/wiki\/Cookie_(inform\u00e1tica)) es posible obtener m\u00e1s informaci\u00f3n acerca de qu\u00e9 con las cookies y c\u00f3mo funcionan.<\/p>\n<h3>2. QU\u00c9 TIPO DE COOKIES UTILIZA LA WEB DE BASQUE CULINARY CENTER<\/h3>\n<p>Las Cookies, en funci\u00f3n de su permanencia, pueden dividirse en Cookies de sesi\u00f3n o permanentes. Las primeras expiran cuando el usuario cierra el navegador. Las segundas expiran en funci\u00f3n cuando se cumpla el objetivo para el que sirven o bien cuando se borran manualmente. Adicionalmente, en funci\u00f3n de su objetivo, las Cookies pueden clasificarse de la siguiente forma:<\/p>\n<ul>\n<li>Cookies de rendimiento: este tipo de Cookie recuerda sus preferencias para las herramientas que se encuentran en los servicios, por lo que no tiene que volver a configurar el servicio cada vez que usted visita. A modo de ejemplo, en esta tipolog\u00eda se incluyen:\n<ul>\n<li>Ajustes de volumen de reproductores de v\u00eddeo o sonido.<\/li>\n<li>Las velocidades de transmisi\u00f3n de v\u00eddeo que sean compatibles con su navegador.<\/li>\n<\/ul>\n<\/li>\n<li>Cookies de geolocalizaci\u00f3n: estas Cookies son utilizadas para averiguar en qu\u00e9 pa\u00eds se encuentra cuando se solicita una web o servicio. Esta Cookie es totalmente an\u00f3nima, y s\u00f3lo se utiliza para ayudar a orientar el contenido a su ubicaci\u00f3n.<\/li>\n<li>Cookies de registro: las Cookies de registro se generan una vez que el Usuario se ha registrado o posteriormente ha abierto su sesi\u00f3n, y se utilizan para identificarle en la web y servicios con los siguientes objetivos:\n<ul>\n<li>Mantener al usuario identificado de forma que, si cierra un servicio o web, el navegador o el ordenador y en otro momento u otro d\u00eda vuelve a entrar en dicho servicio o web, seguir\u00e1 identificado, facilitando as\u00ed su navegaci\u00f3n sin tener que volver a identificarse. Esta funcionalidad se puede suprimir si el usuario pulsa la funcionalidad los Salirs, de forma que esta Cookie se elimina y la pr\u00f3xima vez que entre en la web el usuario tendr\u00e1 que iniciar sesi\u00f3n para estar identificado.<\/li>\n<li>Comprobar si el usuario est\u00e1 autorizado para acceder a ciertos servicios.<\/li>\n<li>Adicionalmente, algunos servicios pueden utilizar conectores de terceros tales como Facebook, Twitter o Google. Cuando el usuario se registra en un servicio con credenciales de una red social o sistema de identificaci\u00f3n de terceros, autoriza al mismo a guardar una cookie persistente que recuerda su identidad y le garantiza acceso a la web hasta que expira. El usuario puede borrar esta cookie y revocar el acceso a la web mediante redes sociales o sistema de identificaci\u00f3n de terceros actualizando sus preferencias en la red social que espec\u00edfica.<\/li>\n<\/ul>\n<\/li>\n<li>Cookies de anal\u00edtica: Cada vez que un Usuario visita una Web o Servicio, una herramienta de un proveedor externo (Google Analytics y similares) genera una cookie anal\u00edtica en el dispositivo del usuario. Esta cookie que s\u00f3lo se genera en la visita, servir\u00e1 en pr\u00f3ximas visitas a los servicios de Basque Culinary Center para identificar de forma an\u00f3nima al visitante. Los objetivos principales que se persiguen son:\n<ul>\n<li>Permitir la identificaci\u00f3n an\u00f3nima de los usuarios navegantes a trav\u00e9s de la los Cookies (identifica navegadores y dispositivos, no personas) y por lo tanto la contabilizaci\u00f3n aproximada del n\u00famero de visitantes y su tendencia en el tiempo.<\/li>\n<li>Identificar de forma an\u00f3nima los contenidos m\u00e1s visitados y por lo tanto m\u00e1s atractivos para los usuarios<\/li>\n<li>Saber si el usuario que est\u00e1 accediendo es nuevo o repite visita<\/li>\n<\/ul>\n<\/li>\n<\/ul>\n<p><b>Importante:<\/b> La cookie nunca ir\u00e1 asociada a ning\u00fan dato de car\u00e1cter personal que pueda identificarle. Dichas cookies s\u00f3lo ser\u00e1n utilizadas con prop\u00f3sitos estad\u00edsticos que ayuden a la optimizaci\u00f3n de la experiencia de los usuarios en el sitio. M\u00e1s informaci\u00f3n sobre la pol\u00edtica de privacidad de estas herramientas de anal\u00edtica en: Google Analytics<\/p>\n<h3>3. C\u00d3MO DESHABILITAR LAS COOKIES EN EL NAVEGADOR<\/h3>\n<p>La mayor\u00eda de navegadores actualmente permiten al usuario configurar si desean aceptar cookies y cu\u00e1les de ellas. Estos ajustes normalmente se encuentra en las \u00abopciones\u00bb o \u00abPreferencias\u00bb del men\u00fa de su navegador. Estas son las instrucciones para configurar las cookies en los principales navegadores:<\/p>\n<ul>\n<li>Chrome: Configuraci\u00f3n -&gt; Mostrar opciones avanzadas -&gt; Privacidad -&gt; Configuraci\u00f3n de contenido. Para m\u00e1s informaci\u00f3n, puede consultar el soporte de Google o la Ayuda del navegador.<\/li>\n<li>Firefox: Herramientas -&gt; Opciones -&gt; Privacidad -&gt; Historial -&gt; Configuraci\u00f3n Personalizada. Para m\u00e1s informaci\u00f3n, puede consultar el soporte de Mozilla o la Ayuda del navegador.<\/li>\n<li>Internet Explorer: Herramientas -&gt; Opciones de Internet -&gt; Privacidad -&gt; Configuraci\u00f3n. Para m\u00e1s informaci\u00f3n, puede consultar el soporte de Microsoft o la Ayuda del navegador.<\/li>\n<li>Safari: Preferencias -&gt; Seguridad. Para m\u00e1s informaci\u00f3n, puede consultar el soporte de Apple o la Ayuda del navegador.<\/li>\n<\/ul>\n","protected":false},"excerpt":{"rendered":"<p>1. QU\u00c9 SON LAS COOKIES Y POR QU\u00c9 LAS UTILIZAMOS EN BASQUE CULINARY CENTER Una cookie es un fichero que se descarga en el dispositivo del usuario al acceder a determinadas p\u00e1ginas web para almacenar y recuperar informaci\u00f3n sobre la navegaci\u00f3n que se efect\u00faa desde dicho equipo. Las cookies permiten a dicha web, entre otras [&hellip;]<\/p>\n","protected":false},"author":1,"featured_media":0,"parent":0,"menu_order":0,"comment_status":"closed","ping_status":"closed","template":"","meta":{"_acf_changed":false,"site-sidebar-layout":"default","site-content-layout":"default","ast-site-content-layout":"default","site-content-style":"default","site-sidebar-style":"default","ast-global-header-display":"","ast-banner-title-visibility":"","ast-main-header-display":"","ast-hfb-above-header-display":"","ast-hfb-below-header-display":"","ast-hfb-mobile-header-display":"","site-post-title":"","ast-breadcrumbs-content":"","ast-featured-img":"","footer-sml-layout":"","theme-transparent-header-meta":"default","adv-header-id-meta":"","stick-header-meta":"default","header-above-stick-meta":"","header-main-stick-meta":"","header-below-stick-meta":"","astra-migrate-meta-layouts":"default","ast-page-background-enabled":"default","ast-page-background-meta":{"desktop":{"background-color":"var(--ast-global-color-4)","background-image":"","background-repeat":"repeat","background-position":"center center","background-size":"auto","background-attachment":"scroll","background-type":"","background-media":"","overlay-type":"","overlay-color":"","overlay-opacity":"","overlay-gradient":""},"tablet":{"background-color":"","background-image":"","background-repeat":"repeat","background-position":"center center","background-size":"auto","background-attachment":"scroll","background-type":"","background-media":"","overlay-type":"","overlay-color":"","overlay-opacity":"","overlay-gradient":""},"mobile":{"background-color":"","background-image":"","background-repeat":"repeat","background-position":"center center","background-size":"auto","background-attachment":"scroll","background-type":"","background-media":"","overlay-type":"","overlay-color":"","overlay-opacity":"","overlay-gradient":""}},"ast-content-background-meta":{"desktop":{"background-color":"var(--ast-global-color-5)","background-image":"","background-repeat":"repeat","background-position":"center center","background-size":"auto","background-attachment":"scroll","background-type":"","background-media":"","overlay-type":"","overlay-color":"","overlay-opacity":"","overlay-gradient":""},"tablet":{"background-color":"var(--ast-global-color-5)","background-image":"","background-repeat":"repeat","background-position":"center center","background-size":"auto","background-attachment":"scroll","background-type":"","background-media":"","overlay-type":"","overlay-color":"","overlay-opacity":"","overlay-gradient":""},"mobile":{"background-color":"var(--ast-global-color-5)","background-image":"","background-repeat":"repeat","background-position":"center center","background-size":"auto","background-attachment":"scroll","background-type":"","background-media":"","overlay-type":"","overlay-color":"","overlay-opacity":"","overlay-gradient":""}},"footnotes":""},"class_list":["post-265","page","type-page","status-publish","hentry"],"acf":[],"yoast_head":"<!-- This site is optimized with the Yoast SEO plugin v26.0 - https:\/\/yoast.com\/wordpress\/plugins\/seo\/ -->\n<title>Pol\u00edtica de cookies - Sukaldean Sortzaile<\/title>\n<meta name=\"robots\" content=\"noindex, follow\" \/>\n<meta property=\"og:locale\" content=\"es_ES\" \/>\n<meta property=\"og:type\" content=\"article\" \/>\n<meta property=\"og:title\" content=\"Pol\u00edtica de cookies - Sukaldean Sortzaile\" \/>\n<meta property=\"og:description\" content=\"1. QU\u00c9 SON LAS COOKIES Y POR QU\u00c9 LAS UTILIZAMOS EN BASQUE CULINARY CENTER Una cookie es un fichero que se descarga en el dispositivo del usuario al acceder a determinadas p\u00e1ginas web para almacenar y recuperar informaci\u00f3n sobre la navegaci\u00f3n que se efect\u00faa desde dicho equipo. Las cookies permiten a dicha web, entre otras [&hellip;]\" \/>\n<meta property=\"og:url\" content=\"https:\/\/sukaldeansortzaile.com\/es\/politica-de-cookies\/\" \/>\n<meta property=\"og:site_name\" content=\"Sukaldean Sortzaile\" \/>\n<meta property=\"article:modified_time\" content=\"2021-11-11T07:23:03+00:00\" \/>\n<meta name=\"twitter:card\" content=\"summary_large_image\" \/>\n<meta name=\"twitter:label1\" content=\"Tiempo de lectura\" \/>\n\t<meta name=\"twitter:data1\" content=\"4 minutos\" \/>\n<script type=\"application\/ld+json\" class=\"yoast-schema-graph\">{\"@context\":\"https:\/\/schema.org\",\"@graph\":[{\"@type\":\"WebPage\",\"@id\":\"https:\/\/sukaldeansortzaile.com\/es\/politica-de-cookies\/\",\"url\":\"https:\/\/sukaldeansortzaile.com\/es\/politica-de-cookies\/\",\"name\":\"Pol\u00edtica de cookies - Sukaldean Sortzaile\",\"isPartOf\":{\"@id\":\"https:\/\/sukaldeansortzaile.com\/es\/#website\"},\"datePublished\":\"2021-09-24T11:27:22+00:00\",\"dateModified\":\"2021-11-11T07:23:03+00:00\",\"breadcrumb\":{\"@id\":\"https:\/\/sukaldeansortzaile.com\/es\/politica-de-cookies\/#breadcrumb\"},\"inLanguage\":\"es\",\"potentialAction\":[{\"@type\":\"ReadAction\",\"target\":[\"https:\/\/sukaldeansortzaile.com\/es\/politica-de-cookies\/\"]}]},{\"@type\":\"BreadcrumbList\",\"@id\":\"https:\/\/sukaldeansortzaile.com\/es\/politica-de-cookies\/#breadcrumb\",\"itemListElement\":[{\"@type\":\"ListItem\",\"position\":1,\"name\":\"Home\",\"item\":\"https:\/\/sukaldeansortzaile.com\/es\/\"},{\"@type\":\"ListItem\",\"position\":2,\"name\":\"Pol\u00edtica de cookies\"}]},{\"@type\":\"WebSite\",\"@id\":\"https:\/\/sukaldeansortzaile.com\/es\/#website\",\"url\":\"https:\/\/sukaldeansortzaile.com\/es\/\",\"name\":\"Sukaldean Sortzaile\",\"description\":\"\",\"publisher\":{\"@id\":\"https:\/\/sukaldeansortzaile.com\/es\/#organization\"},\"potentialAction\":[{\"@type\":\"SearchAction\",\"target\":{\"@type\":\"EntryPoint\",\"urlTemplate\":\"https:\/\/sukaldeansortzaile.com\/es\/?s={search_term_string}\"},\"query-input\":{\"@type\":\"PropertyValueSpecification\",\"valueRequired\":true,\"valueName\":\"search_term_string\"}}],\"inLanguage\":\"es\"},{\"@type\":\"Organization\",\"@id\":\"https:\/\/sukaldeansortzaile.com\/es\/#organization\",\"name\":\"Sukaldean Sortzaile\",\"url\":\"https:\/\/sukaldeansortzaile.com\/es\/\",\"logo\":{\"@type\":\"ImageObject\",\"inLanguage\":\"es\",\"@id\":\"https:\/\/sukaldeansortzaile.com\/es\/#\/schema\/logo\/image\/\",\"url\":\"https:\/\/sukaldeansortzaile.com\/wp-content\/uploads\/2021\/09\/sukaldean_sortzaile_logo-ausolan.png\",\"contentUrl\":\"https:\/\/sukaldeansortzaile.com\/wp-content\/uploads\/2021\/09\/sukaldean_sortzaile_logo-ausolan.png\",\"width\":734,\"height\":243,\"caption\":\"Sukaldean Sortzaile\"},\"image\":{\"@id\":\"https:\/\/sukaldeansortzaile.com\/es\/#\/schema\/logo\/image\/\"}}]}<\/script>\n<!-- \/ Yoast SEO plugin. -->","yoast_head_json":{"title":"Pol\u00edtica de cookies - Sukaldean Sortzaile","robots":{"index":"noindex","follow":"follow"},"og_locale":"es_ES","og_type":"article","og_title":"Pol\u00edtica de cookies - Sukaldean Sortzaile","og_description":"1. QU\u00c9 SON LAS COOKIES Y POR QU\u00c9 LAS UTILIZAMOS EN BASQUE CULINARY CENTER Una cookie es un fichero que se descarga en el dispositivo del usuario al acceder a determinadas p\u00e1ginas web para almacenar y recuperar informaci\u00f3n sobre la navegaci\u00f3n que se efect\u00faa desde dicho equipo. Las cookies permiten a dicha web, entre otras [&hellip;]","og_url":"https:\/\/sukaldeansortzaile.com\/es\/politica-de-cookies\/","og_site_name":"Sukaldean Sortzaile","article_modified_time":"2021-11-11T07:23:03+00:00","twitter_card":"summary_large_image","twitter_misc":{"Tiempo de lectura":"4 minutos"},"schema":{"@context":"https:\/\/schema.org","@graph":[{"@type":"WebPage","@id":"https:\/\/sukaldeansortzaile.com\/es\/politica-de-cookies\/","url":"https:\/\/sukaldeansortzaile.com\/es\/politica-de-cookies\/","name":"Pol\u00edtica de cookies - Sukaldean Sortzaile","isPartOf":{"@id":"https:\/\/sukaldeansortzaile.com\/es\/#website"},"datePublished":"2021-09-24T11:27:22+00:00","dateModified":"2021-11-11T07:23:03+00:00","breadcrumb":{"@id":"https:\/\/sukaldeansortzaile.com\/es\/politica-de-cookies\/#breadcrumb"},"inLanguage":"es","potentialAction":[{"@type":"ReadAction","target":["https:\/\/sukaldeansortzaile.com\/es\/politica-de-cookies\/"]}]},{"@type":"BreadcrumbList","@id":"https:\/\/sukaldeansortzaile.com\/es\/politica-de-cookies\/#breadcrumb","itemListElement":[{"@type":"ListItem","position":1,"name":"Home","item":"https:\/\/sukaldeansortzaile.com\/es\/"},{"@type":"ListItem","position":2,"name":"Pol\u00edtica de cookies"}]},{"@type":"WebSite","@id":"https:\/\/sukaldeansortzaile.com\/es\/#website","url":"https:\/\/sukaldeansortzaile.com\/es\/","name":"Sukaldean Sortzaile","description":"","publisher":{"@id":"https:\/\/sukaldeansortzaile.com\/es\/#organization"},"potentialAction":[{"@type":"SearchAction","target":{"@type":"EntryPoint","urlTemplate":"https:\/\/sukaldeansortzaile.com\/es\/?s={search_term_string}"},"query-input":{"@type":"PropertyValueSpecification","valueRequired":true,"valueName":"search_term_string"}}],"inLanguage":"es"},{"@type":"Organization","@id":"https:\/\/sukaldeansortzaile.com\/es\/#organization","name":"Sukaldean Sortzaile","url":"https:\/\/sukaldeansortzaile.com\/es\/","logo":{"@type":"ImageObject","inLanguage":"es","@id":"https:\/\/sukaldeansortzaile.com\/es\/#\/schema\/logo\/image\/","url":"https:\/\/sukaldeansortzaile.com\/wp-content\/uploads\/2021\/09\/sukaldean_sortzaile_logo-ausolan.png","contentUrl":"https:\/\/sukaldeansortzaile.com\/wp-content\/uploads\/2021\/09\/sukaldean_sortzaile_logo-ausolan.png","width":734,"height":243,"caption":"Sukaldean Sortzaile"},"image":{"@id":"https:\/\/sukaldeansortzaile.com\/es\/#\/schema\/logo\/image\/"}}]}},"_links":{"self":[{"href":"https:\/\/sukaldeansortzaile.com\/es\/wp-json\/wp\/v2\/pages\/265","targetHints":{"allow":["GET"]}}],"collection":[{"href":"https:\/\/sukaldeansortzaile.com\/es\/wp-json\/wp\/v2\/pages"}],"about":[{"href":"https:\/\/sukaldeansortzaile.com\/es\/wp-json\/wp\/v2\/types\/page"}],"author":[{"embeddable":true,"href":"https:\/\/sukaldeansortzaile.com\/es\/wp-json\/wp\/v2\/users\/1"}],"replies":[{"embeddable":true,"href":"https:\/\/sukaldeansortzaile.com\/es\/wp-json\/wp\/v2\/comments?post=265"}],"version-history":[{"count":1,"href":"https:\/\/sukaldeansortzaile.com\/es\/wp-json\/wp\/v2\/pages\/265\/revisions"}],"predecessor-version":[{"id":276,"href":"https:\/\/sukaldeansortzaile.com\/es\/wp-json\/wp\/v2\/pages\/265\/revisions\/276"}],"wp:attachment":[{"href":"https:\/\/sukaldeansortzaile.com\/es\/wp-json\/wp\/v2\/media?parent=265"}],"curies":[{"name":"wp","href":"https:\/\/api.w.org\/{rel}","templated":true}]}}