{"id":261,"date":"2021-09-24T13:27:22","date_gmt":"2021-09-24T11:27:22","guid":{"rendered":"http:\/\/sukaldeansortzaile.com\/aviso-legal\/"},"modified":"2021-11-11T08:01:29","modified_gmt":"2021-11-11T07:01:29","slug":"aviso-legal","status":"publish","type":"page","link":"https:\/\/sukaldeansortzaile.com\/es\/aviso-legal\/","title":{"rendered":"Aviso legal"},"content":{"rendered":"<h3>IDENTIDAD DEL TITULAR DE LA PRESENTE WEB<\/h3>\n<p>En cumplimiento de la Ley 34\/2002, de 11 de julio, de Servicios de la Sociedad de la Informaci\u00f3n y de Comercio Electr\u00f3nico, le informamos que el titular de <a href=\"http:\/\/www.bculinary.com\" target=\"_blank\" rel=\"noopener\">www.bculinary.com<\/a> es:<br \/>\nRaz\u00f3n social: Basque Culinary Center Fundazioa<br \/>\nC.I.F.: G-20998100<br \/>\nDirecci\u00f3n: C\u00ba Juan Avelino Barriola, 101, (20009), Donostia San Sebasti\u00e1n Gipuzkoa<br \/>\nTel\u00e9fono: 943 574 500<br \/>\nFax: 943 574 502<br \/>\nCorreo electr\u00f3nico: info@bculinary.com<br \/>\nDatos registrales: Registro de Fundaciones F-253<\/p>\n<h3>CONDICIONES GENERALES DE USO DE ESTE SITIO WEB<\/h3>\n<p>El acceso a esta p\u00e1gina web le atribuye la condici\u00f3n de los Usuarios, lo cual implica su aceptaci\u00f3n expresa y sin reservas de las condiciones generales que est\u00e1n publicadas en <a href=\"http:\/\/www.bculinary.com\" target=\"_blank\" rel=\"noopener\">www.bculinary.com<\/a>, en el momento en que acceda a la web. Por lo tanto, el Usuario deber\u00e1 leer las presentes condiciones generales de uso, siempre que se proponga acceder y en su caso utilizar los servicios prestados a trav\u00e9s de esta web, ya que estas condiciones pueden sufrir modificaciones. En este sentido, se entender\u00e1 por los Usuarios a la persona que acceda, navegue, utilice o participe en los servicios y actividades, gratuitas u onerosas, desarrolladas en <a href=\"http:\/\/www.bculinary.com\" target=\"_blank\" rel=\"noopener\">www.bculinary.com<\/a>.<\/p>\n<p><b>2.1.-Objeto y \u00e1mbito de aplicaci\u00f3n:<\/b> Las presentes condiciones generales de uso, regulan el acceso, navegaci\u00f3n y uso de <a href=\"http:\/\/www.bculinary.com\" target=\"_blank\" rel=\"noopener\">www.bculinary.com<\/a> as\u00ed como las responsabilidades derivadas de la utilizaci\u00f3n de sus contenidos tales como los textos, gr\u00e1ficos, dibujos, dise\u00f1os, c\u00f3digos, software, fotograf\u00edas, m\u00fasica, v\u00eddeos, sonidos, bases de datos, im\u00e1genes, expresiones e informaciones, as\u00ed como cualquier otra creaci\u00f3n protegida por las leyes nacionales y los tratados internacionales sobre propiedad intelectual e industrial. Basque Culinary Center Fundazioa (en adelante, BCCF) podr\u00e1 establecer condiciones particulares que ser\u00e1n de aplicaci\u00f3n para el uso y\/o contrataci\u00f3n de servicios espec\u00edficos siendo las presentes condiciones generales de aplicaci\u00f3n supletoria.<\/p>\n<p><b>2.2.-Condiciones acceso y utilizaci\u00f3n de los servicios:<\/b> El acceso a <a href=\"http:\/\/www.bculinary.com\" target=\"_blank\" rel=\"noopener\">www.bculinary.com<\/a> en principio tiene car\u00e1cter libre y gratuito. No obstante, algunos de los servicios y contenidos, pueden encontrarse sujetos a la contrataci\u00f3n previa del servicio o producto, siendo de aplicaci\u00f3n en esos casos, las condiciones particulares creadas al efecto que BCCF pondr\u00e1 a su disposici\u00f3n previamente a la contrataci\u00f3n. En todo momento, el Usuario debe realizar un uso l\u00edcito de los servicios de la presente web, de acuerdo con las presentes condiciones generales, la legalidad vigente, la moral y el orden p\u00fablico as\u00ed como las pr\u00e1cticas generalmente aceptadas en Internet. El Usuario garantiza que toda la informaci\u00f3n aportada a trav\u00e9s de los formularios incluidos en esta web es l\u00edcita, real, exacta, veraz y actualizada. Ser\u00e1 exclusiva responsabilidad del Usuario la comunicaci\u00f3n inmediata a BCCF de cualquier modificaci\u00f3n que pueda darse en la informaci\u00f3n suministrada. El Usuario se abstendr\u00e1 de: introducir virus, programas, macros o cualquier secuencia de caracteres con la finalidad de da\u00f1ar o alterar los sistemas inform\u00e1ticos de esta web; obstaculizar el acceso de otros usuarios mediante el consumo masivo de recursos; captar datos incluidos en esta web con finalidad publicitaria; reproducir, copiar, distribuir, transformar o poner a disposici\u00f3n de terceros los contenidos incluidos en esta web; realizar acciones a trav\u00e9s de los servicios incluidos en esta web que puedan lesionar la propiedad intelectual, secretos industriales, compromisos contractuales, derechos al honor, a la imagen y la intimidad personal de terceros; realizar acciones de competencia desleal y publicidad il\u00edcita. Si para la utilizaci\u00f3n y\/o contrataci\u00f3n de un servicio en <a href=\"http:\/\/www.bculinary.com\" target=\"_blank\" rel=\"noopener\">www.bculinary.com<\/a> , el Usuario debiera proceder a su registro, \u00e9ste ser\u00e1 responsable de aportar informaci\u00f3n veraz y l\u00edcita. Si como consecuencia del registro, se dotara al Usuario de una contrase\u00f1a, \u00e9ste se compromete a hacer un uso diligente y a mantener en secreto la contrase\u00f1a para acceder a estos servicios. En consecuencia, los Usuarios son responsables de la adecuada custodia y confidencialidad de cualesquiera identificadores y\/o contrase\u00f1as que le sean suministradas y se comprometen a no ceder su uso a terceros, ya sea temporal o permanente, ni a permitir su acceso a personas ajenas. Ser\u00e1 responsabilidad del Usuario la utilizaci\u00f3n il\u00edcita de los servicios por cualquier tercero ileg\u00edtimo que emplee a tal efecto una contrase\u00f1a a causa de una utilizaci\u00f3n no diligente o de la p\u00e9rdida de la misma por el Usuario. En supuestos de robo, extrav\u00edo o acceso no autorizado a sus contrase\u00f1as, el Usuario ser\u00e1 el responsable de su notificaci\u00f3n inmediata a BCCF con el fin de proceder a su cancelaci\u00f3n. BCCF en ning\u00fan caso ser\u00e1 responsable de las acciones realizadas por terceros no autorizados mientras no se produzca la notificaci\u00f3n mencionada por parte del Usuario.<\/p>\n<h3>DERECHOS DE PROPIEDAD INTELECTUAL E INDUSTRIAL<\/h3>\n<p>BCCF es titular de los derechos de propiedad intelectual e industrial de todos los elementos que integran <a href=\"http:\/\/www.bculinary.com\" target=\"_blank\" rel=\"noopener\">www.bculinary.com<\/a>, incluyendo la marca, nombre comercial o signo distintivo. En particular y a t\u00edtulo no limitativo, est\u00e1n protegidos por los derechos de autor, el dise\u00f1o gr\u00e1fico, c\u00f3digo fuente, logos, textos, gr\u00e1ficos, ilustraciones, fotograf\u00edas, sonidos y dem\u00e1s elementos contenidos en sitio web. En ning\u00fan caso el acceso o navegaci\u00f3n en <a href=\"http:\/\/www.bculinary.com\" target=\"_blank\" rel=\"noopener\">www.bculinary.com<\/a>, implica renuncia, transmisi\u00f3n o licencia total o parcial de BCCF para uso personal al Usuario sobre sus derechos de propiedad intelectual e industrial. Por ello, el Usuario reconoce que la reproducci\u00f3n, copiado, distribuci\u00f3n, comercializaci\u00f3n, transformaci\u00f3n, reutilizaci\u00f3n, comunicaci\u00f3n p\u00fablica y en general, cualquier otra forma de explotaci\u00f3n, por cualquier procedimiento, de todo o parte de los contenidos de <a href=\"http:\/\/www.bculinary.com\" target=\"_blank\" rel=\"noopener\">www.bculinary.com<\/a>, sin autorizaci\u00f3n expresa y por escrito de BCCF, constituye una infracci\u00f3n de sus derechos de propiedad intelectual y\/o industrial. Toda la informaci\u00f3n que no tenga la consideraci\u00f3n de dato personal transmitida voluntariamente a <a href=\"http:\/\/www.bculinary.com\" target=\"_blank\" rel=\"noopener\">www.bculinary.com<\/a> a trav\u00e9s de Internet (incluyendo cualquier observaci\u00f3n, sugerencia, idea, gr\u00e1ficos, etc.) pasar\u00e1 a ser propiedad exclusiva de BCCF que ostentar\u00e1 los derechos ilimitados de uso, sin devengar por ello ninguna compensaci\u00f3n a su favor, ni a favor de ninguna otra persona.<\/p>\n<h3>R\u00c9GIMEN DE RESPONSABILIDADES Y GARANT\u00cdAS<\/h3>\n<p>BCCF no garantiza la licitud, fiabilidad, utilidad, veracidad o exactitud de los servicios o de la informaci\u00f3n incluida en <a href=\"http:\/\/www.bculinary.com\" target=\"_blank\" rel=\"noopener\">www.bculinary.com<\/a>, por tanto excluye cualquier responsabilidad directa o indirecta por da\u00f1os y perjuicios de toda naturaleza, derivada de la defraudaci\u00f3n de utilidad o expectativas que el Usuario haya depositado en la misma. BCCF declara que ha adoptado las medidas tanto t\u00e9cnicas como organizativas, que dentro de sus posibilidades y el estado de la tecnolog\u00eda, permitan el correcto funcionamiento de la web, as\u00ed como la ausencia de virus y componentes da\u00f1inos, sin embargo no puede hacerse responsable de: (a) la continuidad y disponibilidad de los contenidos y servicios recogidos en <a href=\"http:\/\/www.bculinary.com\" target=\"_blank\" rel=\"noopener\">www.bculinary.com<\/a> (b) la ausencia de errores en dichos contenidos ni la correcci\u00f3n de cualquier defecto que pudiera ocurrir; (c) la ausencia de virus y\/o dem\u00e1s componentes da\u00f1inos en <a href=\"http:\/\/www.bculinary.com\" target=\"_blank\" rel=\"noopener\">www.bculinary.com<\/a>; (d) la inexpugnabilidad de las medidas de seguridad que se han adoptado; (e) los da\u00f1os o perjuicios que cause cualquier persona que vulnere los sistemas de seguridad de <a href=\"http:\/\/www.bculinary.com\" target=\"_blank\" rel=\"noopener\">www.bculinary.com<\/a>. El Usuario ser\u00e1 el \u00fanico responsable ante terceros, de cualquier comunicaci\u00f3n enviada personalmente o a su nombre a <a href=\"http:\/\/www.bculinary.com\" target=\"_blank\" rel=\"noopener\">www.bculinary.com<\/a>, as\u00ed como del uso ileg\u00edtimo de los contenidos y servicios contenidos en esta web. BCCF se reserva el derecho a suspender temporalmente y sin previo aviso, la accesibilidad a <a href=\"http:\/\/www.bculinary.com\" target=\"_blank\" rel=\"noopener\">www.bculinary.com<\/a> con motivo de operaciones de mantenimiento, reparaci\u00f3n, actualizaci\u00f3n o mejora. Siempre que las circunstancias lo permitan BCCF publicar\u00e1 en su web, con antelaci\u00f3n suficiente, un aviso indicando la fecha prevista para la suspensi\u00f3n de los servicios. Los enlaces a otras p\u00e1ginas web que en su caso existan en <a href=\"http:\/\/www.bculinary.com\" target=\"_blank\" rel=\"noopener\">www.bculinary.com<\/a> pueden llevarle a sitios web de los que BCCF no asume ninguna responsabilidad, ya que no tiene ning\u00fan tipo de control sobre los mismos, siendo su finalidad, informar al Usuario de otras fuentes de informaci\u00f3n, por lo que el Usuario accede bajo su exclusiva responsabilidad al contenido y en las condiciones de uso que rijan en los mismos. BCCF no se responsabiliza del uso que los Usuarios puedan hacer de los contenidos y servicios incluidos en su web. En consecuencia no garantiza que el uso que los Usuarios puedan hacer de los contenidos y servicios referidos, se ajusten a las presentes condiciones generales de uso, ni que lo hagan de forma diligente.<\/p>\n","protected":false},"excerpt":{"rendered":"<p>IDENTIDAD DEL TITULAR DE LA PRESENTE WEB En cumplimiento de la Ley 34\/2002, de 11 de julio, de Servicios de la Sociedad de la Informaci\u00f3n y de Comercio Electr\u00f3nico, le informamos que el titular de www.bculinary.com es: Raz\u00f3n social: Basque Culinary Center Fundazioa C.I.F.: G-20998100 Direcci\u00f3n: C\u00ba Juan Avelino Barriola, 101, (20009), Donostia San Sebasti\u00e1n [&hellip;]<\/p>\n","protected":false},"author":1,"featured_media":0,"parent":0,"menu_order":0,"comment_status":"closed","ping_status":"closed","template":"","meta":{"_acf_changed":false,"site-sidebar-layout":"default","site-content-layout":"default","ast-site-content-layout":"default","site-content-style":"default","site-sidebar-style":"default","ast-global-header-display":"","ast-banner-title-visibility":"","ast-main-header-display":"","ast-hfb-above-header-display":"","ast-hfb-below-header-display":"","ast-hfb-mobile-header-display":"","site-post-title":"","ast-breadcrumbs-content":"","ast-featured-img":"","footer-sml-layout":"","theme-transparent-header-meta":"default","adv-header-id-meta":"","stick-header-meta":"default","header-above-stick-meta":"","header-main-stick-meta":"","header-below-stick-meta":"","astra-migrate-meta-layouts":"default","ast-page-background-enabled":"default","ast-page-background-meta":{"desktop":{"background-color":"var(--ast-global-color-4)","background-image":"","background-repeat":"repeat","background-position":"center center","background-size":"auto","background-attachment":"scroll","background-type":"","background-media":"","overlay-type":"","overlay-color":"","overlay-opacity":"","overlay-gradient":""},"tablet":{"background-color":"","background-image":"","background-repeat":"repeat","background-position":"center center","background-size":"auto","background-attachment":"scroll","background-type":"","background-media":"","overlay-type":"","overlay-color":"","overlay-opacity":"","overlay-gradient":""},"mobile":{"background-color":"","background-image":"","background-repeat":"repeat","background-position":"center center","background-size":"auto","background-attachment":"scroll","background-type":"","background-media":"","overlay-type":"","overlay-color":"","overlay-opacity":"","overlay-gradient":""}},"ast-content-background-meta":{"desktop":{"background-color":"var(--ast-global-color-5)","background-image":"","background-repeat":"repeat","background-position":"center center","background-size":"auto","background-attachment":"scroll","background-type":"","background-media":"","overlay-type":"","overlay-color":"","overlay-opacity":"","overlay-gradient":""},"tablet":{"background-color":"var(--ast-global-color-5)","background-image":"","background-repeat":"repeat","background-position":"center center","background-size":"auto","background-attachment":"scroll","background-type":"","background-media":"","overlay-type":"","overlay-color":"","overlay-opacity":"","overlay-gradient":""},"mobile":{"background-color":"var(--ast-global-color-5)","background-image":"","background-repeat":"repeat","background-position":"center center","background-size":"auto","background-attachment":"scroll","background-type":"","background-media":"","overlay-type":"","overlay-color":"","overlay-opacity":"","overlay-gradient":""}},"footnotes":""},"class_list":["post-261","page","type-page","status-publish","hentry"],"acf":[],"yoast_head":"<!-- This site is optimized with the Yoast SEO plugin v26.0 - https:\/\/yoast.com\/wordpress\/plugins\/seo\/ -->\n<title>Aviso legal - Sukaldean Sortzaile<\/title>\n<meta name=\"robots\" content=\"noindex, follow\" \/>\n<meta property=\"og:locale\" content=\"es_ES\" \/>\n<meta property=\"og:type\" content=\"article\" \/>\n<meta property=\"og:title\" content=\"Aviso legal - Sukaldean Sortzaile\" \/>\n<meta property=\"og:description\" content=\"IDENTIDAD DEL TITULAR DE LA PRESENTE WEB En cumplimiento de la Ley 34\/2002, de 11 de julio, de Servicios de la Sociedad de la Informaci\u00f3n y de Comercio Electr\u00f3nico, le informamos que el titular de www.bculinary.com es: Raz\u00f3n social: Basque Culinary Center Fundazioa C.I.F.: G-20998100 Direcci\u00f3n: C\u00ba Juan Avelino Barriola, 101, (20009), Donostia San Sebasti\u00e1n [&hellip;]\" \/>\n<meta property=\"og:url\" content=\"https:\/\/sukaldeansortzaile.com\/es\/aviso-legal\/\" \/>\n<meta property=\"og:site_name\" content=\"Sukaldean Sortzaile\" \/>\n<meta property=\"article:modified_time\" content=\"2021-11-11T07:01:29+00:00\" \/>\n<meta name=\"twitter:card\" content=\"summary_large_image\" \/>\n<meta name=\"twitter:label1\" content=\"Tiempo de lectura\" \/>\n\t<meta name=\"twitter:data1\" content=\"6 minutos\" \/>\n<script type=\"application\/ld+json\" class=\"yoast-schema-graph\">{\"@context\":\"https:\/\/schema.org\",\"@graph\":[{\"@type\":\"WebPage\",\"@id\":\"https:\/\/sukaldeansortzaile.com\/es\/aviso-legal\/\",\"url\":\"https:\/\/sukaldeansortzaile.com\/es\/aviso-legal\/\",\"name\":\"Aviso legal - Sukaldean Sortzaile\",\"isPartOf\":{\"@id\":\"https:\/\/sukaldeansortzaile.com\/es\/#website\"},\"datePublished\":\"2021-09-24T11:27:22+00:00\",\"dateModified\":\"2021-11-11T07:01:29+00:00\",\"breadcrumb\":{\"@id\":\"https:\/\/sukaldeansortzaile.com\/es\/aviso-legal\/#breadcrumb\"},\"inLanguage\":\"es\",\"potentialAction\":[{\"@type\":\"ReadAction\",\"target\":[\"https:\/\/sukaldeansortzaile.com\/es\/aviso-legal\/\"]}]},{\"@type\":\"BreadcrumbList\",\"@id\":\"https:\/\/sukaldeansortzaile.com\/es\/aviso-legal\/#breadcrumb\",\"itemListElement\":[{\"@type\":\"ListItem\",\"position\":1,\"name\":\"Home\",\"item\":\"https:\/\/sukaldeansortzaile.com\/es\/\"},{\"@type\":\"ListItem\",\"position\":2,\"name\":\"Aviso legal\"}]},{\"@type\":\"WebSite\",\"@id\":\"https:\/\/sukaldeansortzaile.com\/es\/#website\",\"url\":\"https:\/\/sukaldeansortzaile.com\/es\/\",\"name\":\"Sukaldean Sortzaile\",\"description\":\"\",\"publisher\":{\"@id\":\"https:\/\/sukaldeansortzaile.com\/es\/#organization\"},\"potentialAction\":[{\"@type\":\"SearchAction\",\"target\":{\"@type\":\"EntryPoint\",\"urlTemplate\":\"https:\/\/sukaldeansortzaile.com\/es\/?s={search_term_string}\"},\"query-input\":{\"@type\":\"PropertyValueSpecification\",\"valueRequired\":true,\"valueName\":\"search_term_string\"}}],\"inLanguage\":\"es\"},{\"@type\":\"Organization\",\"@id\":\"https:\/\/sukaldeansortzaile.com\/es\/#organization\",\"name\":\"Sukaldean Sortzaile\",\"url\":\"https:\/\/sukaldeansortzaile.com\/es\/\",\"logo\":{\"@type\":\"ImageObject\",\"inLanguage\":\"es\",\"@id\":\"https:\/\/sukaldeansortzaile.com\/es\/#\/schema\/logo\/image\/\",\"url\":\"https:\/\/sukaldeansortzaile.com\/wp-content\/uploads\/2021\/09\/sukaldean_sortzaile_logo-ausolan.png\",\"contentUrl\":\"https:\/\/sukaldeansortzaile.com\/wp-content\/uploads\/2021\/09\/sukaldean_sortzaile_logo-ausolan.png\",\"width\":734,\"height\":243,\"caption\":\"Sukaldean Sortzaile\"},\"image\":{\"@id\":\"https:\/\/sukaldeansortzaile.com\/es\/#\/schema\/logo\/image\/\"}}]}<\/script>\n<!-- \/ Yoast SEO plugin. -->","yoast_head_json":{"title":"Aviso legal - Sukaldean Sortzaile","robots":{"index":"noindex","follow":"follow"},"og_locale":"es_ES","og_type":"article","og_title":"Aviso legal - Sukaldean Sortzaile","og_description":"IDENTIDAD DEL TITULAR DE LA PRESENTE WEB En cumplimiento de la Ley 34\/2002, de 11 de julio, de Servicios de la Sociedad de la Informaci\u00f3n y de Comercio Electr\u00f3nico, le informamos que el titular de www.bculinary.com es: Raz\u00f3n social: Basque Culinary Center Fundazioa C.I.F.: G-20998100 Direcci\u00f3n: C\u00ba Juan Avelino Barriola, 101, (20009), Donostia San Sebasti\u00e1n [&hellip;]","og_url":"https:\/\/sukaldeansortzaile.com\/es\/aviso-legal\/","og_site_name":"Sukaldean Sortzaile","article_modified_time":"2021-11-11T07:01:29+00:00","twitter_card":"summary_large_image","twitter_misc":{"Tiempo de lectura":"6 minutos"},"schema":{"@context":"https:\/\/schema.org","@graph":[{"@type":"WebPage","@id":"https:\/\/sukaldeansortzaile.com\/es\/aviso-legal\/","url":"https:\/\/sukaldeansortzaile.com\/es\/aviso-legal\/","name":"Aviso legal - Sukaldean Sortzaile","isPartOf":{"@id":"https:\/\/sukaldeansortzaile.com\/es\/#website"},"datePublished":"2021-09-24T11:27:22+00:00","dateModified":"2021-11-11T07:01:29+00:00","breadcrumb":{"@id":"https:\/\/sukaldeansortzaile.com\/es\/aviso-legal\/#breadcrumb"},"inLanguage":"es","potentialAction":[{"@type":"ReadAction","target":["https:\/\/sukaldeansortzaile.com\/es\/aviso-legal\/"]}]},{"@type":"BreadcrumbList","@id":"https:\/\/sukaldeansortzaile.com\/es\/aviso-legal\/#breadcrumb","itemListElement":[{"@type":"ListItem","position":1,"name":"Home","item":"https:\/\/sukaldeansortzaile.com\/es\/"},{"@type":"ListItem","position":2,"name":"Aviso legal"}]},{"@type":"WebSite","@id":"https:\/\/sukaldeansortzaile.com\/es\/#website","url":"https:\/\/sukaldeansortzaile.com\/es\/","name":"Sukaldean Sortzaile","description":"","publisher":{"@id":"https:\/\/sukaldeansortzaile.com\/es\/#organization"},"potentialAction":[{"@type":"SearchAction","target":{"@type":"EntryPoint","urlTemplate":"https:\/\/sukaldeansortzaile.com\/es\/?s={search_term_string}"},"query-input":{"@type":"PropertyValueSpecification","valueRequired":true,"valueName":"search_term_string"}}],"inLanguage":"es"},{"@type":"Organization","@id":"https:\/\/sukaldeansortzaile.com\/es\/#organization","name":"Sukaldean Sortzaile","url":"https:\/\/sukaldeansortzaile.com\/es\/","logo":{"@type":"ImageObject","inLanguage":"es","@id":"https:\/\/sukaldeansortzaile.com\/es\/#\/schema\/logo\/image\/","url":"https:\/\/sukaldeansortzaile.com\/wp-content\/uploads\/2021\/09\/sukaldean_sortzaile_logo-ausolan.png","contentUrl":"https:\/\/sukaldeansortzaile.com\/wp-content\/uploads\/2021\/09\/sukaldean_sortzaile_logo-ausolan.png","width":734,"height":243,"caption":"Sukaldean Sortzaile"},"image":{"@id":"https:\/\/sukaldeansortzaile.com\/es\/#\/schema\/logo\/image\/"}}]}},"_links":{"self":[{"href":"https:\/\/sukaldeansortzaile.com\/es\/wp-json\/wp\/v2\/pages\/261","targetHints":{"allow":["GET"]}}],"collection":[{"href":"https:\/\/sukaldeansortzaile.com\/es\/wp-json\/wp\/v2\/pages"}],"about":[{"href":"https:\/\/sukaldeansortzaile.com\/es\/wp-json\/wp\/v2\/types\/page"}],"author":[{"embeddable":true,"href":"https:\/\/sukaldeansortzaile.com\/es\/wp-json\/wp\/v2\/users\/1"}],"replies":[{"embeddable":true,"href":"https:\/\/sukaldeansortzaile.com\/es\/wp-json\/wp\/v2\/comments?post=261"}],"version-history":[{"count":2,"href":"https:\/\/sukaldeansortzaile.com\/es\/wp-json\/wp\/v2\/pages\/261\/revisions"}],"predecessor-version":[{"id":272,"href":"https:\/\/sukaldeansortzaile.com\/es\/wp-json\/wp\/v2\/pages\/261\/revisions\/272"}],"wp:attachment":[{"href":"https:\/\/sukaldeansortzaile.com\/es\/wp-json\/wp\/v2\/media?parent=261"}],"curies":[{"name":"wp","href":"https:\/\/api.w.org\/{rel}","templated":true}]}}